{"id":25904,"date":"2024-09-30T16:35:33","date_gmt":"2024-09-30T16:35:33","guid":{"rendered":"https:\/\/ikonisch.pt\/?post_type=product&#038;p=25904"},"modified":"2024-10-18T08:35:15","modified_gmt":"2024-10-18T08:35:15","slug":"tipo-nome-brand-copia-59","status":"publish","type":"product","link":"https:\/\/ikonisch.pt\/es\/produtos\/tipo-nome-brand-copia-59\/","title":{"rendered":"Par de taburetes de bar Babila &#8211; Pedrali"},"content":{"rendered":"","protected":false},"excerpt":{"rendered":"<p>Pareja de taburetes de bar Babila dise\u00f1ados por Odo Fioravanti y producidos por Pedrali, nuevos, sin usar. Taburete de bar de madera de fresno con patas c\u00f3nicas que se unen perfectamente al asiento de madera contrachapada con acabado lacado negro y vetas de madera visibles. Reposapi\u00e9s (pieza \u00fanica) de aluminio anodizado imitando el lat\u00f3n antiguo.<\/p>\n<p>Valor del conjunto. Venta y env\u00edo de una unidad bajo pedido.<\/p>\n<p>Realizamos entregas a nivel mundial. Para env\u00edos fuera de Portugal y Espa\u00f1a, por favor, cont\u00e1ctenos para recibir un presupuesto personalizado.<\/p>\n<p>Para m\u00e1s informaci\u00f3n sobre precios, p\u00f3ngase en contacto con nosotros por correo electr\u00f3nico en\u00a0<a href=\"mailto:info@ikonisch.pt\"><strong>info@ikonisch.pt<\/strong><\/a>\u00a0o por tel\u00e9fono en el\u00a0<strong>+351 913 068 270<\/strong>.<\/p>\n","protected":false},"featured_media":26361,"template":"","meta":{"_acf_changed":false,"inline_featured_image":false},"product_brand":[],"product_cat":[688],"product_tag":[1932,1933],"class_list":{"0":"post-25904","1":"product","2":"type-product","3":"status-publish","4":"has-post-thumbnail","6":"product_cat-bancos-y-pufs","7":"product_tag-odo-fioravanti-es","8":"product_tag-pedrali-es","10":"first","11":"outofstock","12":"shipping-taxable","13":"purchasable","14":"product-type-simple"},"acf":[],"aioseo_notices":[],"_links":{"self":[{"href":"https:\/\/ikonisch.pt\/es\/wp-json\/wp\/v2\/product\/25904","targetHints":{"allow":["GET"]}}],"collection":[{"href":"https:\/\/ikonisch.pt\/es\/wp-json\/wp\/v2\/product"}],"about":[{"href":"https:\/\/ikonisch.pt\/es\/wp-json\/wp\/v2\/types\/product"}],"wp:featuredmedia":[{"embeddable":true,"href":"https:\/\/ikonisch.pt\/es\/wp-json\/wp\/v2\/media\/26361"}],"wp:attachment":[{"href":"https:\/\/ikonisch.pt\/es\/wp-json\/wp\/v2\/media?parent=25904"}],"wp:term":[{"taxonomy":"product_brand","embeddable":true,"href":"https:\/\/ikonisch.pt\/es\/wp-json\/wp\/v2\/product_brand?post=25904"},{"taxonomy":"product_cat","embeddable":true,"href":"https:\/\/ikonisch.pt\/es\/wp-json\/wp\/v2\/product_cat?post=25904"},{"taxonomy":"product_tag","embeddable":true,"href":"https:\/\/ikonisch.pt\/es\/wp-json\/wp\/v2\/product_tag?post=25904"}],"curies":[{"name":"wp","href":"https:\/\/api.w.org\/{rel}","templated":true}]}}