{"id":25907,"date":"2024-09-30T16:41:58","date_gmt":"2024-09-30T16:41:58","guid":{"rendered":"https:\/\/ikonisch.pt\/?post_type=product&#038;p=25907"},"modified":"2024-10-01T13:27:21","modified_gmt":"2024-10-01T13:27:21","slug":"tipo-nome-brand-copia-60","status":"publish","type":"product","link":"https:\/\/ikonisch.pt\/es\/produtos\/tipo-nome-brand-copia-60\/","title":{"rendered":"Silla RAR &#8211; Vitra"},"content":{"rendered":"","protected":false},"excerpt":{"rendered":"<p>Sill\u00f3n balanc\u00edn con base de varilla (RAR) dise\u00f1ado por Charles y Ray Eames en 1950 y producido por Vitra, nuevo, sin usar.<\/p>\n<p>RAR es un sill\u00f3n completo, cuya forma ic\u00f3nica y base mecedora sobre patines de madera no s\u00f3lo a\u00f1aden un toque llamativo a cualquier sal\u00f3n, sino que tambi\u00e9n son un atractivo complemento para zonas de descanso, zonas de relajaci\u00f3n y salas de espera.<\/p>\n<p>Altura del asiento: 37 cm.<\/p>\n<p>A\u00f1o de fabricaci\u00f3n: 2018<\/p>\n<p>Realizamos env\u00edos a todo el mundo. Para env\u00edos fuera de la Uni\u00f3n Europea, p\u00f3ngase en contacto con nosotros para solicitar presupuesto.<\/p>\n<p>Para m\u00e1s informaci\u00f3n sobre precios, p\u00f3ngase en contacto con nosotros por correo electr\u00f3nico en\u00a0<a href=\"mailto:info@ikonisch.pt\"><strong>info@ikonisch.pt<\/strong><\/a>\u00a0o por tel\u00e9fono en el\u00a0<strong>+351 913 068 270<\/strong>.<\/p>\n","protected":false},"featured_media":26385,"template":"","meta":{"_acf_changed":false,"inline_featured_image":false},"product_brand":[],"product_cat":[689],"product_tag":[735,848],"class_list":{"0":"post-25907","1":"product","2":"type-product","3":"status-publish","4":"has-post-thumbnail","6":"product_cat-sillas","7":"product_tag-charles-ray-eames-es","8":"product_tag-vitra-es","10":"first","11":"outofstock","12":"shipping-taxable","13":"purchasable","14":"product-type-simple"},"acf":[],"aioseo_notices":[],"_links":{"self":[{"href":"https:\/\/ikonisch.pt\/es\/wp-json\/wp\/v2\/product\/25907","targetHints":{"allow":["GET"]}}],"collection":[{"href":"https:\/\/ikonisch.pt\/es\/wp-json\/wp\/v2\/product"}],"about":[{"href":"https:\/\/ikonisch.pt\/es\/wp-json\/wp\/v2\/types\/product"}],"wp:featuredmedia":[{"embeddable":true,"href":"https:\/\/ikonisch.pt\/es\/wp-json\/wp\/v2\/media\/26385"}],"wp:attachment":[{"href":"https:\/\/ikonisch.pt\/es\/wp-json\/wp\/v2\/media?parent=25907"}],"wp:term":[{"taxonomy":"product_brand","embeddable":true,"href":"https:\/\/ikonisch.pt\/es\/wp-json\/wp\/v2\/product_brand?post=25907"},{"taxonomy":"product_cat","embeddable":true,"href":"https:\/\/ikonisch.pt\/es\/wp-json\/wp\/v2\/product_cat?post=25907"},{"taxonomy":"product_tag","embeddable":true,"href":"https:\/\/ikonisch.pt\/es\/wp-json\/wp\/v2\/product_tag?post=25907"}],"curies":[{"name":"wp","href":"https:\/\/api.w.org\/{rel}","templated":true}]}}