{"id":25910,"date":"2024-09-30T16:48:30","date_gmt":"2024-09-30T16:48:30","guid":{"rendered":"https:\/\/ikonisch.pt\/?post_type=product&#038;p=25910"},"modified":"2024-10-18T08:34:34","modified_gmt":"2024-10-18T08:34:34","slug":"tipo-nome-brand-copia-61","status":"publish","type":"product","link":"https:\/\/ikonisch.pt\/es\/produtos\/tipo-nome-brand-copia-61\/","title":{"rendered":"Silla Copenhagen &#8211; HAY"},"content":{"rendered":"","protected":false},"excerpt":{"rendered":"<p>La silla Copenhagen dise\u00f1ada por Ronan &amp; Erwan Bouroullec en 2013 para HAY, nueva y sin uso.<\/p>\n<p>Esta silla tiene una estructura de madera de roble natural unida por dos patas de silla que se juntan en una V invertida y dos carcasas que forman el asiento y el respaldo de chapa de roble natural moldeada que se juntan en el centro y le dan la fuerza y la imagen \u00fanica de esta pieza de museo. Su dise\u00f1o permite apilar hasta 8 unidades.<\/p>\n<p>Altura del asiento: 46 cm<\/p>\n<p>Realizamos entregas a nivel mundial. Para env\u00edos fuera de Portugal y Espa\u00f1a, por favor, cont\u00e1ctenos para recibir un presupuesto personalizado.<\/p>\n<p>Para m\u00e1s informaci\u00f3n sobre precios, p\u00f3ngase en contacto con nosotros por correo electr\u00f3nico en\u00a0<a href=\"mailto:info@ikonisch.pt\"><strong>info@ikonisch.pt<\/strong><\/a>\u00a0o por tel\u00e9fono en el\u00a0<strong>+351 913 068 270<\/strong>.<\/p>\n","protected":false},"featured_media":26416,"template":"","meta":{"_acf_changed":false,"inline_featured_image":false},"product_brand":[],"product_cat":[689],"product_tag":[760,1116],"class_list":{"0":"post-25910","1":"product","2":"type-product","3":"status-publish","4":"has-post-thumbnail","6":"product_cat-sillas","7":"product_tag-hay-es","8":"product_tag-ronan-erwan-bouroullec-es","10":"first","11":"outofstock","12":"shipping-taxable","13":"purchasable","14":"product-type-simple"},"acf":[],"aioseo_notices":[],"_links":{"self":[{"href":"https:\/\/ikonisch.pt\/es\/wp-json\/wp\/v2\/product\/25910","targetHints":{"allow":["GET"]}}],"collection":[{"href":"https:\/\/ikonisch.pt\/es\/wp-json\/wp\/v2\/product"}],"about":[{"href":"https:\/\/ikonisch.pt\/es\/wp-json\/wp\/v2\/types\/product"}],"wp:featuredmedia":[{"embeddable":true,"href":"https:\/\/ikonisch.pt\/es\/wp-json\/wp\/v2\/media\/26416"}],"wp:attachment":[{"href":"https:\/\/ikonisch.pt\/es\/wp-json\/wp\/v2\/media?parent=25910"}],"wp:term":[{"taxonomy":"product_brand","embeddable":true,"href":"https:\/\/ikonisch.pt\/es\/wp-json\/wp\/v2\/product_brand?post=25910"},{"taxonomy":"product_cat","embeddable":true,"href":"https:\/\/ikonisch.pt\/es\/wp-json\/wp\/v2\/product_cat?post=25910"},{"taxonomy":"product_tag","embeddable":true,"href":"https:\/\/ikonisch.pt\/es\/wp-json\/wp\/v2\/product_tag?post=25910"}],"curies":[{"name":"wp","href":"https:\/\/api.w.org\/{rel}","templated":true}]}}