{"id":25916,"date":"2024-09-30T17:00:49","date_gmt":"2024-09-30T17:00:49","guid":{"rendered":"https:\/\/ikonisch.pt\/?post_type=product&#038;p=25916"},"modified":"2024-10-18T08:32:07","modified_gmt":"2024-10-18T08:32:07","slug":"tipo-nome-brand-copia-63","status":"publish","type":"product","link":"https:\/\/ikonisch.pt\/es\/produtos\/tipo-nome-brand-copia-63\/","title":{"rendered":"Silla con reposabrazos Luca &#8211; Kusch"},"content":{"rendered":"","protected":false},"excerpt":{"rendered":"<p>Silla \u00abLuca\u00bb con reposabrazos, nueva y sin usar, dise\u00f1ada por Robert de le Roi para Kusch.<\/p>\n<p>Estructura de asiento, respaldo y reposabrazos de madera de haya natural, revestimiento de asiento y respaldo de espuma acabado con tela trevira negra. Un dise\u00f1o cl\u00e1sico con l\u00edneas bien definidas y refinadas. Calidad y artesan\u00eda al m\u00e1s alto nivel. Funcionalidad y utilidad en perfecta armon\u00eda.<\/p>\n<p>Altura del asiento: 45 cm.<\/p>\n<p>Realizamos entregas a nivel mundial. Para env\u00edos fuera de Portugal y Espa\u00f1a, por favor, cont\u00e1ctenos para recibir un presupuesto personalizado.<\/p>\n<p>Para m\u00e1s informaci\u00f3n sobre precios, p\u00f3ngase en contacto con nosotros por correo electr\u00f3nico en\u00a0<a href=\"mailto:info@ikonisch.pt\"><strong>info@ikonisch.pt<\/strong><\/a>\u00a0o por tel\u00e9fono en el\u00a0<strong>+351 913 068 270<\/strong>.<\/p>\n","protected":false},"featured_media":31458,"template":"","meta":{"_acf_changed":false,"inline_featured_image":false},"product_brand":[],"product_cat":[689],"product_tag":[1997,1996],"class_list":{"0":"post-25916","1":"product","2":"type-product","3":"status-publish","4":"has-post-thumbnail","6":"product_cat-sillas","7":"product_tag-kuschco-es","8":"product_tag-robert-de-le-roi-es","10":"first","11":"instock","12":"shipping-taxable","13":"purchasable","14":"product-type-simple"},"acf":[],"aioseo_notices":[],"_links":{"self":[{"href":"https:\/\/ikonisch.pt\/es\/wp-json\/wp\/v2\/product\/25916","targetHints":{"allow":["GET"]}}],"collection":[{"href":"https:\/\/ikonisch.pt\/es\/wp-json\/wp\/v2\/product"}],"about":[{"href":"https:\/\/ikonisch.pt\/es\/wp-json\/wp\/v2\/types\/product"}],"wp:featuredmedia":[{"embeddable":true,"href":"https:\/\/ikonisch.pt\/es\/wp-json\/wp\/v2\/media\/31458"}],"wp:attachment":[{"href":"https:\/\/ikonisch.pt\/es\/wp-json\/wp\/v2\/media?parent=25916"}],"wp:term":[{"taxonomy":"product_brand","embeddable":true,"href":"https:\/\/ikonisch.pt\/es\/wp-json\/wp\/v2\/product_brand?post=25916"},{"taxonomy":"product_cat","embeddable":true,"href":"https:\/\/ikonisch.pt\/es\/wp-json\/wp\/v2\/product_cat?post=25916"},{"taxonomy":"product_tag","embeddable":true,"href":"https:\/\/ikonisch.pt\/es\/wp-json\/wp\/v2\/product_tag?post=25916"}],"curies":[{"name":"wp","href":"https:\/\/api.w.org\/{rel}","templated":true}]}}