{"id":26771,"date":"2024-10-24T15:35:00","date_gmt":"2024-10-24T15:35:00","guid":{"rendered":"https:\/\/ikonisch.pt\/?post_type=product&#038;p=26771"},"modified":"2024-10-24T15:41:38","modified_gmt":"2024-10-24T15:41:38","slug":"tipo-nome-brand-copia-71","status":"publish","type":"product","link":"https:\/\/ikonisch.pt\/es\/produtos\/tipo-nome-brand-copia-71\/","title":{"rendered":"Silla Vegetal &#8211; Vitra"},"content":{"rendered":"","protected":false},"excerpt":{"rendered":"<p>Silla Vegetal &#8211; Ronan &amp; Erwan Bouroullec para Vitra, nueva sin usar.Es una silla de forma org\u00e1nica que debe parecer que ha tomado su forma de forma natural. Con este objetivo en mente e inspir\u00e1ndose en los peque\u00f1os \u00e1rboles que los jardineros estadounidenses hab\u00edan moldeado para darles forma de muebles para sentarse, los dise\u00f1adores franceses Ronan y Erwan Bouroullec se lanzaron a dise\u00f1ar Vegetal. Pensada para el exterior, la silla deb\u00eda ser resistente al agua y, por razones pr\u00e1cticas, f\u00e1cilmente apilable.<\/p>\n<p>Altura del asiento: 46 cm.<\/p>\n<p>Atenci\u00f3n: Precio unitario.<\/p>\n<p><strong>Realizamos entregas a nivel mundial. Para env\u00edos fuera de Portugal y Espa\u00f1a, por favor, cont\u00e1ctenos para recibir un presupuesto personalizado.<\/strong><\/p>\n<p>Para m\u00e1s informaci\u00f3n sobre precios, p\u00f3ngase en contacto con nosotros por correo electr\u00f3nico en\u00a0<a href=\"mailto:info@ikonisch.pt\"><strong>info@ikonisch.pt<\/strong><\/a>\u00a0o por tel\u00e9fono en el\u00a0<strong>+351 913 068 270<\/strong>.<\/p>\n","protected":false},"featured_media":26774,"template":"","meta":{"_acf_changed":false,"inline_featured_image":false},"product_brand":[],"product_cat":[689],"product_tag":[1116,848],"class_list":{"0":"post-26771","1":"product","2":"type-product","3":"status-publish","4":"has-post-thumbnail","6":"product_cat-sillas","7":"product_tag-ronan-erwan-bouroullec-es","8":"product_tag-vitra-es","10":"first","11":"outofstock","12":"shipping-taxable","13":"product-type-simple"},"acf":[],"aioseo_notices":[],"_links":{"self":[{"href":"https:\/\/ikonisch.pt\/es\/wp-json\/wp\/v2\/product\/26771","targetHints":{"allow":["GET"]}}],"collection":[{"href":"https:\/\/ikonisch.pt\/es\/wp-json\/wp\/v2\/product"}],"about":[{"href":"https:\/\/ikonisch.pt\/es\/wp-json\/wp\/v2\/types\/product"}],"wp:featuredmedia":[{"embeddable":true,"href":"https:\/\/ikonisch.pt\/es\/wp-json\/wp\/v2\/media\/26774"}],"wp:attachment":[{"href":"https:\/\/ikonisch.pt\/es\/wp-json\/wp\/v2\/media?parent=26771"}],"wp:term":[{"taxonomy":"product_brand","embeddable":true,"href":"https:\/\/ikonisch.pt\/es\/wp-json\/wp\/v2\/product_brand?post=26771"},{"taxonomy":"product_cat","embeddable":true,"href":"https:\/\/ikonisch.pt\/es\/wp-json\/wp\/v2\/product_cat?post=26771"},{"taxonomy":"product_tag","embeddable":true,"href":"https:\/\/ikonisch.pt\/es\/wp-json\/wp\/v2\/product_tag?post=26771"}],"curies":[{"name":"wp","href":"https:\/\/api.w.org\/{rel}","templated":true}]}}