{"id":26861,"date":"2024-10-25T10:55:37","date_gmt":"2024-10-25T10:55:38","guid":{"rendered":"https:\/\/ikonisch.pt\/?post_type=product&#038;p=26861"},"modified":"2024-10-25T11:06:59","modified_gmt":"2024-10-25T11:06:59","slug":"tipo-nome-brand-copia-75","status":"publish","type":"product","link":"https:\/\/ikonisch.pt\/es\/produtos\/tipo-nome-brand-copia-75\/","title":{"rendered":"Silla DSW &#8211; Vitra"},"content":{"rendered":"","protected":false},"excerpt":{"rendered":"<p>Silla (DSW), Charles y Ray Eames, nueva sin usar. En esta silla, Charles &amp; Ray Eames combinaron la carcasa de forma org\u00e1nica -que Vitra fabrica ahora a partir de pl\u00e1stico reciclado postconsumo- con una base de madera de cuatro patas. Esta yuxtaposici\u00f3n contrastada de pl\u00e1stico y madera confiere al dise\u00f1o cl\u00e1sico un atractivo c\u00e1lido y desenfadado. Las carcasas de los asientos pueden equiparse con cojines de asiento o tapizados completos en una amplia selecci\u00f3n de colores de tela, lo que permite multitud de configuraciones individuales.<\/p>\n<p>Fabricado en 2010.<\/p>\n<p>Atenci\u00f3n: Precio unitario.<\/p>\n<p><strong>Realizamos entregas a nivel mundial. Para env\u00edos fuera de Portugal y Espa\u00f1a, por favor, cont\u00e1ctenos para recibir un presupuesto personalizado.<\/strong><\/p>\n<p>Para m\u00e1s informaci\u00f3n sobre precios, p\u00f3ngase en contacto con nosotros por correo electr\u00f3nico en\u00a0<a href=\"mailto:info@ikonisch.pt\"><strong>info@ikonisch.pt<\/strong><\/a>\u00a0o por tel\u00e9fono en el\u00a0<strong>+351 913 068 270<\/strong>.<\/p>\n","protected":false},"featured_media":26873,"template":"","meta":{"_acf_changed":false,"inline_featured_image":false},"product_brand":[],"product_cat":[689],"product_tag":[735,848],"class_list":{"0":"post-26861","1":"product","2":"type-product","3":"status-publish","4":"has-post-thumbnail","6":"product_cat-sillas","7":"product_tag-charles-ray-eames-es","8":"product_tag-vitra-es","10":"first","11":"outofstock","12":"shipping-taxable","13":"purchasable","14":"product-type-simple"},"acf":[],"aioseo_notices":[],"_links":{"self":[{"href":"https:\/\/ikonisch.pt\/es\/wp-json\/wp\/v2\/product\/26861","targetHints":{"allow":["GET"]}}],"collection":[{"href":"https:\/\/ikonisch.pt\/es\/wp-json\/wp\/v2\/product"}],"about":[{"href":"https:\/\/ikonisch.pt\/es\/wp-json\/wp\/v2\/types\/product"}],"wp:featuredmedia":[{"embeddable":true,"href":"https:\/\/ikonisch.pt\/es\/wp-json\/wp\/v2\/media\/26873"}],"wp:attachment":[{"href":"https:\/\/ikonisch.pt\/es\/wp-json\/wp\/v2\/media?parent=26861"}],"wp:term":[{"taxonomy":"product_brand","embeddable":true,"href":"https:\/\/ikonisch.pt\/es\/wp-json\/wp\/v2\/product_brand?post=26861"},{"taxonomy":"product_cat","embeddable":true,"href":"https:\/\/ikonisch.pt\/es\/wp-json\/wp\/v2\/product_cat?post=26861"},{"taxonomy":"product_tag","embeddable":true,"href":"https:\/\/ikonisch.pt\/es\/wp-json\/wp\/v2\/product_tag?post=26861"}],"curies":[{"name":"wp","href":"https:\/\/api.w.org\/{rel}","templated":true}]}}