{"id":27029,"date":"2024-10-25T12:45:48","date_gmt":"2024-10-25T12:45:48","guid":{"rendered":"https:\/\/ikonisch.pt\/?post_type=product&#038;p=27029"},"modified":"2024-10-25T16:34:22","modified_gmt":"2024-10-25T16:34:22","slug":"tipo-nome-brand-copia-87","status":"publish","type":"product","link":"https:\/\/ikonisch.pt\/es\/produtos\/tipo-nome-brand-copia-87\/","title":{"rendered":"Silla Masters &#8211; Kartell"},"content":{"rendered":"","protected":false},"excerpt":{"rendered":"<p>La Silla Masters es un claro homenaje a las tres sillas ic\u00f3nicas, reelaboradas y reinterpretadas por el genio creativo de Starck. Las inconfundibles siluetas de la \u00abSerie 7\u00bb de Arne Jacobsen, el \u00abSill\u00f3n Tulip\u00e1n\u00bb de Eero Saarinen y la \u00abSilla Eiffel\u00bb de Charles Eames se entrelazan en un sinuoso h\u00edbrido, creando una fusi\u00f3n de estilos original y atractiva. Ligero y pr\u00e1ctico, Masters tambi\u00e9n puede utilizarse en exteriores. Silla nueva sin usar.<\/p>\n<p>Altura del asiento: 46 cm<\/p>\n<p>Atenci\u00f3n: Precio unitario.<\/p>\n<p><strong>Realizamos entregas a nivel mundial. Para env\u00edos fuera de Portugal y Espa\u00f1a, por favor, cont\u00e1ctenos para recibir un presupuesto personalizado.<\/strong><\/p>\n<p>Para m\u00e1s informaci\u00f3n sobre precios, p\u00f3ngase en contacto con nosotros por correo electr\u00f3nico en\u00a0<a href=\"mailto:info@ikonisch.pt\"><strong>info@ikonisch.pt<\/strong><\/a>\u00a0o por tel\u00e9fono en el\u00a0<strong>+351 913 068 270<\/strong>.<\/p>\n","protected":false},"featured_media":27164,"template":"","meta":{"_acf_changed":false,"inline_featured_image":false},"product_brand":[],"product_cat":[689],"product_tag":[1162,777,908],"class_list":{"0":"post-27029","1":"product","2":"type-product","3":"status-publish","4":"has-post-thumbnail","6":"product_cat-sillas","7":"product_tag-eugeni-quitllet-es","8":"product_tag-kartell-es","9":"product_tag-philippe-starck-es","11":"first","12":"outofstock","13":"shipping-taxable","14":"purchasable","15":"product-type-simple"},"acf":[],"aioseo_notices":[],"_links":{"self":[{"href":"https:\/\/ikonisch.pt\/es\/wp-json\/wp\/v2\/product\/27029","targetHints":{"allow":["GET"]}}],"collection":[{"href":"https:\/\/ikonisch.pt\/es\/wp-json\/wp\/v2\/product"}],"about":[{"href":"https:\/\/ikonisch.pt\/es\/wp-json\/wp\/v2\/types\/product"}],"wp:featuredmedia":[{"embeddable":true,"href":"https:\/\/ikonisch.pt\/es\/wp-json\/wp\/v2\/media\/27164"}],"wp:attachment":[{"href":"https:\/\/ikonisch.pt\/es\/wp-json\/wp\/v2\/media?parent=27029"}],"wp:term":[{"taxonomy":"product_brand","embeddable":true,"href":"https:\/\/ikonisch.pt\/es\/wp-json\/wp\/v2\/product_brand?post=27029"},{"taxonomy":"product_cat","embeddable":true,"href":"https:\/\/ikonisch.pt\/es\/wp-json\/wp\/v2\/product_cat?post=27029"},{"taxonomy":"product_tag","embeddable":true,"href":"https:\/\/ikonisch.pt\/es\/wp-json\/wp\/v2\/product_tag?post=27029"}],"curies":[{"name":"wp","href":"https:\/\/api.w.org\/{rel}","templated":true}]}}