{"id":27056,"date":"2024-10-25T14:17:31","date_gmt":"2024-10-25T14:17:31","guid":{"rendered":"https:\/\/ikonisch.pt\/?post_type=product&#038;p=27056"},"modified":"2024-10-25T14:45:15","modified_gmt":"2024-10-25T14:45:15","slug":"tipo-nome-brand-copia-83","status":"publish","type":"product","link":"https:\/\/ikonisch.pt\/es\/produtos\/tipo-nome-brand-copia-83\/","title":{"rendered":"Silla Albert Kuip &#8211; Zuiver"},"content":{"rendered":"","protected":false},"excerpt":{"rendered":"<p>Las influencias escandinavas de la silla gris de Albert Kuip llenar\u00e1n de energ\u00eda su interior. El asiento, sobrio y puro, ha sido dise\u00f1ado para optimizar el confort. Se apoya en patas inclinadas de madera maciza de fresno. Su color claro contrasta con los reflejos met\u00e1licos del respaldo de aluminio, acentuando la modernidad de la silla. Este color atemporal se adaptar\u00e1 f\u00e1cilmente a su interior, d\u00e1ndole un aspecto contempor\u00e1neo.<\/p>\n<p>Altura del asiento: 47 cm<\/p>\n<p>Atenci\u00f3n: Precio unitario.<\/p>\n<p><strong>Realizamos entregas a nivel mundial. Para env\u00edos fuera de Portugal y Espa\u00f1a, por favor, cont\u00e1ctenos para recibir un presupuesto personalizado.<\/strong><\/p>\n<p>Para m\u00e1s informaci\u00f3n sobre precios, p\u00f3ngase en contacto con nosotros por correo electr\u00f3nico en\u00a0<a href=\"mailto:info@ikonisch.pt\"><strong>info@ikonisch.pt<\/strong><\/a>\u00a0o por tel\u00e9fono en el\u00a0<strong>+351 913 068 270<\/strong>.<\/p>\n","protected":false},"featured_media":27059,"template":"","meta":{"_acf_changed":false,"inline_featured_image":false},"product_brand":[],"product_cat":[689],"product_tag":[2100,1915],"class_list":{"0":"post-27056","1":"product","2":"type-product","3":"status-publish","4":"has-post-thumbnail","6":"product_cat-sillas","7":"product_tag-studio-ape-es","8":"product_tag-zuiver-es","10":"first","11":"outofstock","12":"shipping-taxable","13":"purchasable","14":"product-type-simple"},"acf":[],"aioseo_notices":[],"_links":{"self":[{"href":"https:\/\/ikonisch.pt\/es\/wp-json\/wp\/v2\/product\/27056","targetHints":{"allow":["GET"]}}],"collection":[{"href":"https:\/\/ikonisch.pt\/es\/wp-json\/wp\/v2\/product"}],"about":[{"href":"https:\/\/ikonisch.pt\/es\/wp-json\/wp\/v2\/types\/product"}],"wp:featuredmedia":[{"embeddable":true,"href":"https:\/\/ikonisch.pt\/es\/wp-json\/wp\/v2\/media\/27059"}],"wp:attachment":[{"href":"https:\/\/ikonisch.pt\/es\/wp-json\/wp\/v2\/media?parent=27056"}],"wp:term":[{"taxonomy":"product_brand","embeddable":true,"href":"https:\/\/ikonisch.pt\/es\/wp-json\/wp\/v2\/product_brand?post=27056"},{"taxonomy":"product_cat","embeddable":true,"href":"https:\/\/ikonisch.pt\/es\/wp-json\/wp\/v2\/product_cat?post=27056"},{"taxonomy":"product_tag","embeddable":true,"href":"https:\/\/ikonisch.pt\/es\/wp-json\/wp\/v2\/product_tag?post=27056"}],"curies":[{"name":"wp","href":"https:\/\/api.w.org\/{rel}","templated":true}]}}