{"id":27077,"date":"2024-10-25T14:46:08","date_gmt":"2024-10-25T14:46:08","guid":{"rendered":"https:\/\/ikonisch.pt\/?post_type=product&#038;p=27077"},"modified":"2024-10-25T14:59:26","modified_gmt":"2024-10-25T14:59:26","slug":"tipo-nome-brand-copia-84","status":"publish","type":"product","link":"https:\/\/ikonisch.pt\/es\/produtos\/tipo-nome-brand-copia-84\/","title":{"rendered":"Silla HYG &#8211; Normann Copenhagen"},"content":{"rendered":"","protected":false},"excerpt":{"rendered":"<p>Juego de 3 sillas HYG dise\u00f1adas por Simon Legald para Normann Copenhagen. Inspirada en el concepto dan\u00e9s de \u00abhygge\u00bb -que evoca sentimientos de acogimiento, seguridad y confort-, la colecci\u00f3n Hyg, dise\u00f1ada por Simon Legald, ofrece piezas elegantes y acogedoras que transforman cualquier ambiente en un espacio de bienestar. Lanzada en 2018 con un sof\u00e1 de dos plazas, sillones y un reposapi\u00e9s, la gama se ampli\u00f3 en 2020 con sillas y taburetes de bar, manteniendo las mismas l\u00edneas org\u00e1nicas y curvas generosas. Dise\u00f1ada para proporcionar un confort sublime, la colecci\u00f3n Hyg es ideal para crear ambientes armoniosos y envolventes, perfectos para momentos de convivencia y relajaci\u00f3n.<\/p>\n<p>Altura del asiento: 46 cm<\/p>\n<p>Atenci\u00f3n: Precio unitario.<\/p>\n<p><strong>Realizamos entregas a nivel mundial. Para env\u00edos fuera de Portugal y Espa\u00f1a, por favor, cont\u00e1ctenos para recibir un presupuesto personalizado.<\/strong><\/p>\n<p>Para m\u00e1s informaci\u00f3n sobre precios, p\u00f3ngase en contacto con nosotros por correo electr\u00f3nico en\u00a0<a href=\"mailto:info@ikonisch.pt\"><strong>info@ikonisch.pt<\/strong><\/a>\u00a0o por tel\u00e9fono en el\u00a0<strong>+351 913 068 270<\/strong>.<\/p>\n","protected":false},"featured_media":31489,"template":"","meta":{"_acf_changed":false,"inline_featured_image":false},"product_brand":[],"product_cat":[689],"product_tag":[815,2109],"class_list":{"0":"post-27077","1":"product","2":"type-product","3":"status-publish","4":"has-post-thumbnail","6":"product_cat-sillas","7":"product_tag-normann-copenhagen-es","8":"product_tag-simon-legald-es","10":"first","11":"instock","12":"shipping-taxable","13":"purchasable","14":"product-type-simple"},"acf":[],"aioseo_notices":[],"_links":{"self":[{"href":"https:\/\/ikonisch.pt\/es\/wp-json\/wp\/v2\/product\/27077","targetHints":{"allow":["GET"]}}],"collection":[{"href":"https:\/\/ikonisch.pt\/es\/wp-json\/wp\/v2\/product"}],"about":[{"href":"https:\/\/ikonisch.pt\/es\/wp-json\/wp\/v2\/types\/product"}],"wp:featuredmedia":[{"embeddable":true,"href":"https:\/\/ikonisch.pt\/es\/wp-json\/wp\/v2\/media\/31489"}],"wp:attachment":[{"href":"https:\/\/ikonisch.pt\/es\/wp-json\/wp\/v2\/media?parent=27077"}],"wp:term":[{"taxonomy":"product_brand","embeddable":true,"href":"https:\/\/ikonisch.pt\/es\/wp-json\/wp\/v2\/product_brand?post=27077"},{"taxonomy":"product_cat","embeddable":true,"href":"https:\/\/ikonisch.pt\/es\/wp-json\/wp\/v2\/product_cat?post=27077"},{"taxonomy":"product_tag","embeddable":true,"href":"https:\/\/ikonisch.pt\/es\/wp-json\/wp\/v2\/product_tag?post=27077"}],"curies":[{"name":"wp","href":"https:\/\/api.w.org\/{rel}","templated":true}]}}