{"id":27101,"date":"2024-10-25T15:00:10","date_gmt":"2024-10-25T15:00:10","guid":{"rendered":"https:\/\/ikonisch.pt\/?post_type=product&#038;p=27101"},"modified":"2024-10-25T15:59:47","modified_gmt":"2024-10-25T15:59:47","slug":"tipo-nome-brand-copia-85","status":"publish","type":"product","link":"https:\/\/ikonisch.pt\/es\/produtos\/tipo-nome-brand-copia-85\/","title":{"rendered":"Taburete de bar Gliss &#8211; Pedrali"},"content":{"rendered":"","protected":false},"excerpt":{"rendered":"<p>Taburete de la colecci\u00f3n GLISS, dise\u00f1ada por el estudio Archirivolto en exclusiva para Pedrali. La suavidad de las formas y la redondez de su carcasa, realizada en acr\u00edlico transparente o funda, realzan los vol\u00famenes y crean agradables miradas. GLISS 906 est\u00e1 disponible con patas deslizantes de acero cromado de 11 mm de di\u00e1metro. En esta versi\u00f3n, tiene una altura de asiento de 77 cm. Disponible en acr\u00edlico transparente con base de pat\u00edn de acero, nueva sin usar.<\/p>\n<p>Atenci\u00f3n: Precio unitario.<\/p>\n<p><strong>Realizamos entregas a nivel mundial. Para env\u00edos fuera de Portugal y Espa\u00f1a, por favor, cont\u00e1ctenos para recibir un presupuesto personalizado.<\/strong><\/p>\n<p>Para m\u00e1s informaci\u00f3n sobre precios, p\u00f3ngase en contacto con nosotros por correo electr\u00f3nico en\u00a0<a href=\"mailto:info@ikonisch.pt\"><strong>info@ikonisch.pt<\/strong><\/a>\u00a0o por tel\u00e9fono en el\u00a0<strong>+351 913 068 270<\/strong>.<\/p>\n","protected":false},"featured_media":31769,"template":"","meta":{"_acf_changed":false,"inline_featured_image":false},"product_brand":[],"product_cat":[688],"product_tag":[2115,1933],"class_list":{"0":"post-27101","1":"product","2":"type-product","3":"status-publish","4":"has-post-thumbnail","6":"product_cat-bancos-y-pufs","7":"product_tag-claudio-dondoli-marco-pocci-es","8":"product_tag-pedrali-es","10":"first","11":"outofstock","12":"shipping-taxable","13":"purchasable","14":"product-type-simple"},"acf":[],"aioseo_notices":[],"_links":{"self":[{"href":"https:\/\/ikonisch.pt\/es\/wp-json\/wp\/v2\/product\/27101","targetHints":{"allow":["GET"]}}],"collection":[{"href":"https:\/\/ikonisch.pt\/es\/wp-json\/wp\/v2\/product"}],"about":[{"href":"https:\/\/ikonisch.pt\/es\/wp-json\/wp\/v2\/types\/product"}],"wp:featuredmedia":[{"embeddable":true,"href":"https:\/\/ikonisch.pt\/es\/wp-json\/wp\/v2\/media\/31769"}],"wp:attachment":[{"href":"https:\/\/ikonisch.pt\/es\/wp-json\/wp\/v2\/media?parent=27101"}],"wp:term":[{"taxonomy":"product_brand","embeddable":true,"href":"https:\/\/ikonisch.pt\/es\/wp-json\/wp\/v2\/product_brand?post=27101"},{"taxonomy":"product_cat","embeddable":true,"href":"https:\/\/ikonisch.pt\/es\/wp-json\/wp\/v2\/product_cat?post=27101"},{"taxonomy":"product_tag","embeddable":true,"href":"https:\/\/ikonisch.pt\/es\/wp-json\/wp\/v2\/product_tag?post=27101"}],"curies":[{"name":"wp","href":"https:\/\/api.w.org\/{rel}","templated":true}]}}