{"id":27125,"date":"2024-10-25T16:08:37","date_gmt":"2024-10-25T16:08:37","guid":{"rendered":"https:\/\/ikonisch.pt\/?post_type=product&#038;p=27125"},"modified":"2024-10-25T16:14:50","modified_gmt":"2024-10-25T16:14:50","slug":"tipo-nome-brand-copia-86","status":"publish","type":"product","link":"https:\/\/ikonisch.pt\/es\/produtos\/tipo-nome-brand-copia-86\/","title":{"rendered":"Silla DKR-2 &#8211; Vitra"},"content":{"rendered":"","protected":false},"excerpt":{"rendered":"<p>Silla Vitra Wire DKR-2, nueva sin usar.Wire Chair es una colecci\u00f3n de sillas dise\u00f1adas por Charles &amp; Ray Eames para Vitra. La versi\u00f3n DKR-2 es una nueva edici\u00f3n de la silla original reeditada con una nueva altura. La estructura de esta silla es de malla de acero, cromada con recubrimiento de polvo, y est\u00e1 equipada con deslizadores b\u00e1sicos o de fieltro. Wire es una silla particular, dise\u00f1ada para diferentes usos. La nueva edici\u00f3n superior viene en un nuevo acabado de tela, la forma ergon\u00f3mica de esta silla proporciona comodidad y se puede organizar en cualquier contexto. Esta versi\u00f3n con reposapi\u00e9s recubierto de polvo tambi\u00e9n puede utilizarse en exteriores.<\/p>\n<p>Altura del asiento: 43 cm<\/p>\n<p>Atenci\u00f3n: Precio unitario.<\/p>\n<p><strong>Realizamos entregas a nivel mundial. Para env\u00edos fuera de Portugal y Espa\u00f1a, por favor, cont\u00e1ctenos para recibir un presupuesto personalizado.<\/strong><\/p>\n<p>Para m\u00e1s informaci\u00f3n sobre precios, p\u00f3ngase en contacto con nosotros por correo electr\u00f3nico en\u00a0<a href=\"mailto:info@ikonisch.pt\"><strong>info@ikonisch.pt<\/strong><\/a>\u00a0o por tel\u00e9fono en el\u00a0<strong>+351 913 068 270<\/strong>.<\/p>\n","protected":false},"featured_media":27128,"template":"","meta":{"_acf_changed":false,"inline_featured_image":false},"product_brand":[],"product_cat":[690,689],"product_tag":[735,848],"class_list":{"0":"post-27125","1":"product","2":"type-product","3":"status-publish","4":"has-post-thumbnail","6":"product_cat-hogar","7":"product_cat-sillas","8":"product_tag-charles-ray-eames-es","9":"product_tag-vitra-es","11":"first","12":"outofstock","13":"shipping-taxable","14":"purchasable","15":"product-type-simple"},"acf":[],"aioseo_notices":[],"_links":{"self":[{"href":"https:\/\/ikonisch.pt\/es\/wp-json\/wp\/v2\/product\/27125","targetHints":{"allow":["GET"]}}],"collection":[{"href":"https:\/\/ikonisch.pt\/es\/wp-json\/wp\/v2\/product"}],"about":[{"href":"https:\/\/ikonisch.pt\/es\/wp-json\/wp\/v2\/types\/product"}],"wp:featuredmedia":[{"embeddable":true,"href":"https:\/\/ikonisch.pt\/es\/wp-json\/wp\/v2\/media\/27128"}],"wp:attachment":[{"href":"https:\/\/ikonisch.pt\/es\/wp-json\/wp\/v2\/media?parent=27125"}],"wp:term":[{"taxonomy":"product_brand","embeddable":true,"href":"https:\/\/ikonisch.pt\/es\/wp-json\/wp\/v2\/product_brand?post=27125"},{"taxonomy":"product_cat","embeddable":true,"href":"https:\/\/ikonisch.pt\/es\/wp-json\/wp\/v2\/product_cat?post=27125"},{"taxonomy":"product_tag","embeddable":true,"href":"https:\/\/ikonisch.pt\/es\/wp-json\/wp\/v2\/product_tag?post=27125"}],"curies":[{"name":"wp","href":"https:\/\/api.w.org\/{rel}","templated":true}]}}