{"id":27146,"date":"2024-10-25T16:15:49","date_gmt":"2024-10-25T16:15:50","guid":{"rendered":"https:\/\/ikonisch.pt\/?post_type=product&#038;p=27146"},"modified":"2024-10-25T16:21:13","modified_gmt":"2024-10-25T16:21:13","slug":"taburete-alto-nerd-muuto-copia","status":"publish","type":"product","link":"https:\/\/ikonisch.pt\/es\/produtos\/taburete-alto-nerd-muuto-copia\/","title":{"rendered":"Taburete alto Nerd gris &#8211; Muuto"},"content":{"rendered":"","protected":false},"excerpt":{"rendered":"<p>Taburete alto Nerd de Muuto, nuevo y nunca usado. Fue dise\u00f1ado con una expresi\u00f3n l\u00fadica contempor\u00e1nea, combinada con su materialidad de madera escandinava. La perfecta integraci\u00f3n de su respaldo y asiento crea un detalle caracter\u00edstico junto a los bordes curvos de su asiento, haciendo de estas piezas \u00fanicas y atemporales.<\/p>\n<p>Atenci\u00f3n: Precio unitario.<\/p>\n<p><strong>Realizamos entregas a nivel mundial. Para env\u00edos fuera de Portugal y Espa\u00f1a, por favor, cont\u00e1ctenos para recibir un presupuesto personalizado.<\/strong><\/p>\n<p>Para m\u00e1s informaci\u00f3n sobre precios, p\u00f3ngase en contacto con nosotros por correo electr\u00f3nico en\u00a0<a href=\"mailto:info@ikonisch.pt\"><strong>info@ikonisch.pt<\/strong><\/a>\u00a0o por tel\u00e9fono en el\u00a0<strong>+351 913 068 270<\/strong>.<\/p>\n","protected":false},"featured_media":31763,"template":"","meta":{"_acf_changed":false,"inline_featured_image":false},"product_brand":[],"product_cat":[688],"product_tag":[1180,803],"class_list":{"0":"post-27146","1":"product","2":"type-product","3":"status-publish","4":"has-post-thumbnail","6":"product_cat-bancos-y-pufs","7":"product_tag-david-geckeler-es","8":"product_tag-muuto-es","10":"first","11":"outofstock","12":"shipping-taxable","13":"purchasable","14":"product-type-simple"},"acf":[],"aioseo_notices":[],"_links":{"self":[{"href":"https:\/\/ikonisch.pt\/es\/wp-json\/wp\/v2\/product\/27146","targetHints":{"allow":["GET"]}}],"collection":[{"href":"https:\/\/ikonisch.pt\/es\/wp-json\/wp\/v2\/product"}],"about":[{"href":"https:\/\/ikonisch.pt\/es\/wp-json\/wp\/v2\/types\/product"}],"wp:featuredmedia":[{"embeddable":true,"href":"https:\/\/ikonisch.pt\/es\/wp-json\/wp\/v2\/media\/31763"}],"wp:attachment":[{"href":"https:\/\/ikonisch.pt\/es\/wp-json\/wp\/v2\/media?parent=27146"}],"wp:term":[{"taxonomy":"product_brand","embeddable":true,"href":"https:\/\/ikonisch.pt\/es\/wp-json\/wp\/v2\/product_brand?post=27146"},{"taxonomy":"product_cat","embeddable":true,"href":"https:\/\/ikonisch.pt\/es\/wp-json\/wp\/v2\/product_cat?post=27146"},{"taxonomy":"product_tag","embeddable":true,"href":"https:\/\/ikonisch.pt\/es\/wp-json\/wp\/v2\/product_tag?post=27146"}],"curies":[{"name":"wp","href":"https:\/\/api.w.org\/{rel}","templated":true}]}}