{"id":27280,"date":"2024-11-18T15:11:00","date_gmt":"2024-11-18T15:11:00","guid":{"rendered":"https:\/\/ikonisch.pt\/?post_type=product&#038;p=27280"},"modified":"2024-11-18T15:28:21","modified_gmt":"2024-11-18T15:28:21","slug":"tipo-nome-brand-copia-91","status":"publish","type":"product","link":"https:\/\/ikonisch.pt\/es\/produtos\/tipo-nome-brand-copia-91\/","title":{"rendered":"Juego de 4 sillones Grand Conference Lowback &#8211; Vitra"},"content":{"rendered":"","protected":false},"excerpt":{"rendered":"<p>El sill\u00f3n Grand Conference Lowback combina la elegancia del sill\u00f3n Grand Repos, dise\u00f1ado por Antonio Citterio para la colecci\u00f3n Vitra Home, con la funcionalidad de una moderna silla de oficina. El aura de dignidad del sill\u00f3n Grand Conference se complementa con una est\u00e9tica elegante. Totalmente tapizado en piel de alta calidad, su suave acolchado ofrece el m\u00e1ximo confort. Las costuras decorativas realzan los detalles artesanales del sill\u00f3n y perfilan su voluminosa estructura. El prestigioso sill\u00f3n Grand Conference Lowback combina un suave revestimiento de piel de alta calidad con el mecanismo FlowMotion adaptable individualmente para ofrecer un confort excepcional.<br \/>\nNota: Valor del conjunto.<\/p>\n<p><strong>Realizamos entregas a nivel mundial. Para env\u00edos fuera de Portugal y Espa\u00f1a, por favor, cont\u00e1ctenos para recibir un presupuesto personalizado.<\/strong><\/p>\n<p>Para m\u00e1s informaci\u00f3n sobre precios, p\u00f3ngase en contacto con nosotros por correo electr\u00f3nico en\u00a0<a href=\"mailto:info@ikonisch.pt\"><strong>info@ikonisch.pt<\/strong><\/a>\u00a0o por tel\u00e9fono en el\u00a0<strong>+351 913 068 270<\/strong>.<\/p>\n","protected":false},"featured_media":28649,"template":"","meta":{"_acf_changed":false,"inline_featured_image":false},"product_brand":[],"product_cat":[691],"product_tag":[709,848],"class_list":{"0":"post-27280","1":"product","2":"type-product","3":"status-publish","4":"has-post-thumbnail","6":"product_cat-oficina","7":"product_tag-antonio-citterio-es","8":"product_tag-vitra-es","10":"first","11":"outofstock","12":"shipping-taxable","13":"purchasable","14":"product-type-simple"},"acf":[],"aioseo_notices":[],"_links":{"self":[{"href":"https:\/\/ikonisch.pt\/es\/wp-json\/wp\/v2\/product\/27280","targetHints":{"allow":["GET"]}}],"collection":[{"href":"https:\/\/ikonisch.pt\/es\/wp-json\/wp\/v2\/product"}],"about":[{"href":"https:\/\/ikonisch.pt\/es\/wp-json\/wp\/v2\/types\/product"}],"wp:featuredmedia":[{"embeddable":true,"href":"https:\/\/ikonisch.pt\/es\/wp-json\/wp\/v2\/media\/28649"}],"wp:attachment":[{"href":"https:\/\/ikonisch.pt\/es\/wp-json\/wp\/v2\/media?parent=27280"}],"wp:term":[{"taxonomy":"product_brand","embeddable":true,"href":"https:\/\/ikonisch.pt\/es\/wp-json\/wp\/v2\/product_brand?post=27280"},{"taxonomy":"product_cat","embeddable":true,"href":"https:\/\/ikonisch.pt\/es\/wp-json\/wp\/v2\/product_cat?post=27280"},{"taxonomy":"product_tag","embeddable":true,"href":"https:\/\/ikonisch.pt\/es\/wp-json\/wp\/v2\/product_tag?post=27280"}],"curies":[{"name":"wp","href":"https:\/\/api.w.org\/{rel}","templated":true}]}}