{"id":27310,"date":"2024-11-18T15:30:12","date_gmt":"2024-11-18T15:30:13","guid":{"rendered":"https:\/\/ikonisch.pt\/?post_type=product&#038;p=27310"},"modified":"2024-11-18T15:39:06","modified_gmt":"2024-11-18T15:39:06","slug":"tipo-nome-brand-copia-92","status":"publish","type":"product","link":"https:\/\/ikonisch.pt\/es\/produtos\/tipo-nome-brand-copia-92\/","title":{"rendered":"Mesa de centro Shimmer &#8211; Glas Italia"},"content":{"rendered":"","protected":false},"excerpt":{"rendered":"<p>Shimmer Table es una mesa de cristal de la marca italiana Glas Italia, realizada por la dise\u00f1adora de muebles de renombre internacional Patricia Urquiola. La mesa est\u00e1 hecha de cristal transparente u opaco con un acabado esmerilado iridiscente. El tablero descansa sobre cuatro patas redondeadas que hacen juego con el tablero. Todos los componentes est\u00e1n cuidadosamente encolados a mano por los expertos artesanos de la marca. La mesa est\u00e1 fabricada en cristal extra claro con un acabado policrom\u00e1tico \u00fanico que permite que cada componente de la mesa refleje una sutil variaci\u00f3n de color en su superficie. Este efecto iridiscente, que var\u00eda constantemente en funci\u00f3n de la posici\u00f3n del espectador en la habitaci\u00f3n y de c\u00f3mo incida la luz sobre la mesa, ha dado nombre a la serie Shimmer. Es importante se\u00f1alar que el proceso de fabricaci\u00f3n de las mesas genera un acabado \u00fanico para cada una de ellas, lo que significa que las variaciones de color y textura entre mesas son una parte importante del car\u00e1cter de cada una de ellas. Cabe destacar que esta mesa presenta una peque\u00f1a rotura en uno de los cristales inferiores de la mesa, apenas perceptible y s\u00f3lo visible en determinados \u00e1ngulos, pero que garantiza la plena funcionalidad de la mesa como soporte de objetos decorativos.<\/p>\n<p>Atenci\u00f3n: Precio unitario.<\/p>\n<p><strong>Realizamos entregas a nivel mundial. Para env\u00edos fuera de Portugal y Espa\u00f1a, por favor, cont\u00e1ctenos para recibir un presupuesto personalizado.<\/strong><\/p>\n<p>Para m\u00e1s informaci\u00f3n sobre precios, p\u00f3ngase en contacto con nosotros por correo electr\u00f3nico en\u00a0<a href=\"mailto:info@ikonisch.pt\"><strong>info@ikonisch.pt<\/strong><\/a>\u00a0o por tel\u00e9fono en el\u00a0<strong>+351 913 068 270<\/strong>.<\/p>\n","protected":false},"featured_media":27313,"template":"","meta":{"_acf_changed":false,"inline_featured_image":false},"product_brand":[],"product_cat":[694],"product_tag":[2151,1538],"class_list":{"0":"post-27310","1":"product","2":"type-product","3":"status-publish","4":"has-post-thumbnail","6":"product_cat-mesas-es","7":"product_tag-glas-italy-es","8":"product_tag-patricia-urquiola-es","10":"first","11":"outofstock","12":"shipping-taxable","13":"product-type-simple"},"acf":[],"aioseo_notices":[],"_links":{"self":[{"href":"https:\/\/ikonisch.pt\/es\/wp-json\/wp\/v2\/product\/27310","targetHints":{"allow":["GET"]}}],"collection":[{"href":"https:\/\/ikonisch.pt\/es\/wp-json\/wp\/v2\/product"}],"about":[{"href":"https:\/\/ikonisch.pt\/es\/wp-json\/wp\/v2\/types\/product"}],"wp:featuredmedia":[{"embeddable":true,"href":"https:\/\/ikonisch.pt\/es\/wp-json\/wp\/v2\/media\/27313"}],"wp:attachment":[{"href":"https:\/\/ikonisch.pt\/es\/wp-json\/wp\/v2\/media?parent=27310"}],"wp:term":[{"taxonomy":"product_brand","embeddable":true,"href":"https:\/\/ikonisch.pt\/es\/wp-json\/wp\/v2\/product_brand?post=27310"},{"taxonomy":"product_cat","embeddable":true,"href":"https:\/\/ikonisch.pt\/es\/wp-json\/wp\/v2\/product_cat?post=27310"},{"taxonomy":"product_tag","embeddable":true,"href":"https:\/\/ikonisch.pt\/es\/wp-json\/wp\/v2\/product_tag?post=27310"}],"curies":[{"name":"wp","href":"https:\/\/api.w.org\/{rel}","templated":true}]}}