{"id":27446,"date":"2024-12-04T04:15:04","date_gmt":"2024-12-04T04:15:05","guid":{"rendered":"https:\/\/ikonisch.pt\/?post_type=product&#038;p=27446"},"modified":"2024-12-09T16:06:39","modified_gmt":"2024-12-09T16:06:39","slug":"tipo-nome-brand-copia-97","status":"publish","type":"product","link":"https:\/\/ikonisch.pt\/es\/produtos\/tipo-nome-brand-copia-97\/","title":{"rendered":"Silla Form &#8211; Normann Copenhagen"},"content":{"rendered":"","protected":false},"excerpt":{"rendered":"<p>Silla Form dise\u00f1ada por Simon Legald para Normann Copenhagen en 2012 Asiento de color blanco en polipropileno (PP) de alta calidad, moldeado con una sola inyecci\u00f3n, lo que garantiza una construcci\u00f3n extremadamente resistente con la mejor superficie posible se encuentra con las patas de madera de roble de una manera elegante, acentuando la artesan\u00eda de alta calidad del dise\u00f1o.<\/p>\n<p>La silla fue galardonada con el Premio Alem\u00e1n de Dise\u00f1o 2016, Alemania &#8211; \u00abMenci\u00f3n Especial\u00bb y el Premio IF de Dise\u00f1o de Producto 2016, Alemania.<\/p>\n<p>Altura del asiento: 44 cm<\/p>\n<p>Atenci\u00f3n: Precio unitario.<\/p>\n<p><strong>Realizamos entregas a nivel mundial. Para env\u00edos fuera de Portugal y Espa\u00f1a, por favor, cont\u00e1ctenos para recibir un presupuesto personalizado.<\/strong><\/p>\n<p>Para m\u00e1s informaci\u00f3n sobre precios, p\u00f3ngase en contacto con nosotros por correo electr\u00f3nico en\u00a0<a href=\"mailto:info@ikonisch.pt\"><strong>info@ikonisch.pt<\/strong><\/a>\u00a0o por tel\u00e9fono en el\u00a0<strong>+351 913 068 270<\/strong>.<\/p>\n","protected":false},"featured_media":31405,"template":"","meta":{"_acf_changed":false,"inline_featured_image":false},"product_brand":[],"product_cat":[689],"product_tag":[815,2109],"class_list":{"0":"post-27446","1":"product","2":"type-product","3":"status-publish","4":"has-post-thumbnail","6":"product_cat-sillas","7":"product_tag-normann-copenhagen-es","8":"product_tag-simon-legald-es","10":"first","11":"instock","12":"shipping-taxable","13":"product-type-simple"},"acf":[],"aioseo_notices":[],"_links":{"self":[{"href":"https:\/\/ikonisch.pt\/es\/wp-json\/wp\/v2\/product\/27446","targetHints":{"allow":["GET"]}}],"collection":[{"href":"https:\/\/ikonisch.pt\/es\/wp-json\/wp\/v2\/product"}],"about":[{"href":"https:\/\/ikonisch.pt\/es\/wp-json\/wp\/v2\/types\/product"}],"wp:featuredmedia":[{"embeddable":true,"href":"https:\/\/ikonisch.pt\/es\/wp-json\/wp\/v2\/media\/31405"}],"wp:attachment":[{"href":"https:\/\/ikonisch.pt\/es\/wp-json\/wp\/v2\/media?parent=27446"}],"wp:term":[{"taxonomy":"product_brand","embeddable":true,"href":"https:\/\/ikonisch.pt\/es\/wp-json\/wp\/v2\/product_brand?post=27446"},{"taxonomy":"product_cat","embeddable":true,"href":"https:\/\/ikonisch.pt\/es\/wp-json\/wp\/v2\/product_cat?post=27446"},{"taxonomy":"product_tag","embeddable":true,"href":"https:\/\/ikonisch.pt\/es\/wp-json\/wp\/v2\/product_tag?post=27446"}],"curies":[{"name":"wp","href":"https:\/\/api.w.org\/{rel}","templated":true}]}}