{"id":27494,"date":"2024-12-04T12:55:07","date_gmt":"2024-12-04T12:55:07","guid":{"rendered":"https:\/\/ikonisch.pt\/?post_type=product&#038;p=27494"},"modified":"2024-12-09T16:44:59","modified_gmt":"2024-12-09T16:44:59","slug":"tipo-nome-brand-copia-99","status":"publish","type":"product","link":"https:\/\/ikonisch.pt\/es\/produtos\/tipo-nome-brand-copia-99\/","title":{"rendered":"Silla Africa &#8211; Vondom"},"content":{"rendered":"","protected":false},"excerpt":{"rendered":"<p>Silla Africa dise\u00f1ada por Eugeni Quitllet para Vondom en 2018. Est\u00e1 fabricada en polipropileno y reforzada con fibra de vidrio fabricada por inyecci\u00f3n de gas. Apta para uso interior y exterior. Adem\u00e1s, el acabado \u00abVondom Revolution\u00bb significa que est\u00e1 fabricada 100% con pl\u00e1stico reciclado del mar Mediterr\u00e1neo.<\/p>\n<p>Altura del asiento 45 cm.<\/p>\n<p>Atenci\u00f3n: Precio unitario.<\/p>\n<p><strong>Realizamos entregas a nivel mundial. Para env\u00edos fuera de Portugal y Espa\u00f1a, por favor, cont\u00e1ctenos para recibir un presupuesto personalizado.<\/strong><\/p>\n<p>Para m\u00e1s informaci\u00f3n sobre precios, p\u00f3ngase en contacto con nosotros por correo electr\u00f3nico en\u00a0<a href=\"mailto:info@ikonisch.pt\"><strong>info@ikonisch.pt<\/strong><\/a>\u00a0o por tel\u00e9fono en el\u00a0<strong>+351 913 068 270<\/strong>.<\/p>\n","protected":false},"featured_media":31303,"template":"","meta":{"_acf_changed":false,"inline_featured_image":false},"product_brand":[],"product_cat":[689],"product_tag":[1162,2162],"class_list":{"0":"post-27494","1":"product","2":"type-product","3":"status-publish","4":"has-post-thumbnail","6":"product_cat-sillas","7":"product_tag-eugeni-quitllet-es","8":"product_tag-vondom-es","10":"first","11":"instock","12":"shipping-taxable","13":"product-type-simple"},"acf":[],"aioseo_notices":[],"_links":{"self":[{"href":"https:\/\/ikonisch.pt\/es\/wp-json\/wp\/v2\/product\/27494","targetHints":{"allow":["GET"]}}],"collection":[{"href":"https:\/\/ikonisch.pt\/es\/wp-json\/wp\/v2\/product"}],"about":[{"href":"https:\/\/ikonisch.pt\/es\/wp-json\/wp\/v2\/types\/product"}],"wp:featuredmedia":[{"embeddable":true,"href":"https:\/\/ikonisch.pt\/es\/wp-json\/wp\/v2\/media\/31303"}],"wp:attachment":[{"href":"https:\/\/ikonisch.pt\/es\/wp-json\/wp\/v2\/media?parent=27494"}],"wp:term":[{"taxonomy":"product_brand","embeddable":true,"href":"https:\/\/ikonisch.pt\/es\/wp-json\/wp\/v2\/product_brand?post=27494"},{"taxonomy":"product_cat","embeddable":true,"href":"https:\/\/ikonisch.pt\/es\/wp-json\/wp\/v2\/product_cat?post=27494"},{"taxonomy":"product_tag","embeddable":true,"href":"https:\/\/ikonisch.pt\/es\/wp-json\/wp\/v2\/product_tag?post=27494"}],"curies":[{"name":"wp","href":"https:\/\/api.w.org\/{rel}","templated":true}]}}