{"id":27560,"date":"2024-12-04T15:29:13","date_gmt":"2024-12-04T15:29:13","guid":{"rendered":"https:\/\/ikonisch.pt\/?post_type=product&#038;p=27560"},"modified":"2024-12-10T02:02:02","modified_gmt":"2024-12-10T02:02:02","slug":"tipo-nome-brand-copia-102","status":"publish","type":"product","link":"https:\/\/ikonisch.pt\/es\/produtos\/tipo-nome-brand-copia-102\/","title":{"rendered":"Silla Fiber &#8211; Muuto"},"content":{"rendered":"","protected":false},"excerpt":{"rendered":"<p>La silla Fiber, dise\u00f1ada por el d\u00fao de Copenhague Iskos-Berlin en 2014 para Muuto, surgi\u00f3 del deseo de no crear una silla de pl\u00e1stico m\u00e1s, sino de aportar algo nuevo al dise\u00f1o que resonara con la forma en que percibimos el mundo actual y que, al mismo tiempo, tuviera una expresi\u00f3n \u00fanica. El asiento est\u00e1 fabricado con pl\u00e1stico 100% reciclado reforzado con aditivos que aumentan su resistencia y mezclado con hasta un 25% de fibras de madera con certificaci\u00f3n FSC. Base tubular con revestimiento en polvo.<\/p>\n<p>Altura del asiento: 46 cm<\/p>\n<p>Atenci\u00f3n: Precio unitario.<\/p>\n<p><strong>Realizamos entregas a nivel mundial. Para env\u00edos fuera de Portugal y Espa\u00f1a, por favor, cont\u00e1ctenos para recibir un presupuesto personalizado.<\/strong><\/p>\n<p>Para m\u00e1s informaci\u00f3n sobre precios, p\u00f3ngase en contacto con nosotros por correo electr\u00f3nico en\u00a0<a href=\"mailto:info@ikonisch.pt\"><strong>info@ikonisch.pt<\/strong><\/a>\u00a0o por tel\u00e9fono en el\u00a0<strong>+351 913 068 270<\/strong>.<\/p>\n","protected":false},"featured_media":31327,"template":"","meta":{"_acf_changed":false,"inline_featured_image":false},"product_brand":[],"product_cat":[689],"product_tag":[2171,803],"class_list":{"0":"post-27560","1":"product","2":"type-product","3":"status-publish","4":"has-post-thumbnail","6":"product_cat-sillas","7":"product_tag-iskos-berlin-es","8":"product_tag-muuto-es","10":"first","11":"instock","12":"shipping-taxable","13":"product-type-simple"},"acf":[],"aioseo_notices":[],"_links":{"self":[{"href":"https:\/\/ikonisch.pt\/es\/wp-json\/wp\/v2\/product\/27560","targetHints":{"allow":["GET"]}}],"collection":[{"href":"https:\/\/ikonisch.pt\/es\/wp-json\/wp\/v2\/product"}],"about":[{"href":"https:\/\/ikonisch.pt\/es\/wp-json\/wp\/v2\/types\/product"}],"wp:featuredmedia":[{"embeddable":true,"href":"https:\/\/ikonisch.pt\/es\/wp-json\/wp\/v2\/media\/31327"}],"wp:attachment":[{"href":"https:\/\/ikonisch.pt\/es\/wp-json\/wp\/v2\/media?parent=27560"}],"wp:term":[{"taxonomy":"product_brand","embeddable":true,"href":"https:\/\/ikonisch.pt\/es\/wp-json\/wp\/v2\/product_brand?post=27560"},{"taxonomy":"product_cat","embeddable":true,"href":"https:\/\/ikonisch.pt\/es\/wp-json\/wp\/v2\/product_cat?post=27560"},{"taxonomy":"product_tag","embeddable":true,"href":"https:\/\/ikonisch.pt\/es\/wp-json\/wp\/v2\/product_tag?post=27560"}],"curies":[{"name":"wp","href":"https:\/\/api.w.org\/{rel}","templated":true}]}}