{"id":27620,"date":"2024-12-04T15:47:30","date_gmt":"2024-12-04T15:47:30","guid":{"rendered":"https:\/\/ikonisch.pt\/?post_type=product&#038;p=27620"},"modified":"2024-12-16T16:21:42","modified_gmt":"2024-12-16T16:21:42","slug":"tipo-nome-brand-copia-105","status":"publish","type":"product","link":"https:\/\/ikonisch.pt\/es\/produtos\/tipo-nome-brand-copia-105\/","title":{"rendered":"Silla Softshell &#8211; Vitra"},"content":{"rendered":"","protected":false},"excerpt":{"rendered":"<p>Dise\u00f1ada por Ronan &amp; Erwan Bouroullec en 2008 para Vitra.<br \/>\nSilla fija, respaldo medio, con reposabrazos. Asiento y respaldo de poliamida reforzada con fibra de vidrio, asiento y respaldo tapizados de espuma de poliuretano con revestimiento de tela. Base de cuatro patas de poliamida negra.<br \/>\nLos suaves contornos y el atractivo acolchado suave de toda la superficie confieren a la silla Softshell su car\u00e1cter tranquilo, acogedor y agradable.<\/p>\n<p>Altura del asiento: 44,7 cm<\/p>\n<p>Atenci\u00f3n: Precio unitario.<\/p>\n<p><strong>Realizamos entregas a nivel mundial. Para env\u00edos fuera de Portugal y Espa\u00f1a, por favor, cont\u00e1ctenos para recibir un presupuesto personalizado.<\/strong><\/p>\n<p>Para m\u00e1s informaci\u00f3n sobre precios, p\u00f3ngase en contacto con nosotros por correo electr\u00f3nico en\u00a0<a href=\"mailto:info@ikonisch.pt\"><strong>info@ikonisch.pt<\/strong><\/a>\u00a0o por tel\u00e9fono en el\u00a0<strong>+351 913 068 270<\/strong>.<\/p>\n","protected":false},"featured_media":31474,"template":"","meta":{"_acf_changed":false,"inline_featured_image":false},"product_brand":[],"product_cat":[689],"product_tag":[1116,848],"class_list":{"0":"post-27620","1":"product","2":"type-product","3":"status-publish","4":"has-post-thumbnail","6":"product_cat-sillas","7":"product_tag-ronan-erwan-bouroullec-es","8":"product_tag-vitra-es","10":"first","11":"instock","12":"shipping-taxable","13":"product-type-simple"},"acf":[],"aioseo_notices":[],"_links":{"self":[{"href":"https:\/\/ikonisch.pt\/es\/wp-json\/wp\/v2\/product\/27620","targetHints":{"allow":["GET"]}}],"collection":[{"href":"https:\/\/ikonisch.pt\/es\/wp-json\/wp\/v2\/product"}],"about":[{"href":"https:\/\/ikonisch.pt\/es\/wp-json\/wp\/v2\/types\/product"}],"wp:featuredmedia":[{"embeddable":true,"href":"https:\/\/ikonisch.pt\/es\/wp-json\/wp\/v2\/media\/31474"}],"wp:attachment":[{"href":"https:\/\/ikonisch.pt\/es\/wp-json\/wp\/v2\/media?parent=27620"}],"wp:term":[{"taxonomy":"product_brand","embeddable":true,"href":"https:\/\/ikonisch.pt\/es\/wp-json\/wp\/v2\/product_brand?post=27620"},{"taxonomy":"product_cat","embeddable":true,"href":"https:\/\/ikonisch.pt\/es\/wp-json\/wp\/v2\/product_cat?post=27620"},{"taxonomy":"product_tag","embeddable":true,"href":"https:\/\/ikonisch.pt\/es\/wp-json\/wp\/v2\/product_tag?post=27620"}],"curies":[{"name":"wp","href":"https:\/\/api.w.org\/{rel}","templated":true}]}}