{"id":27647,"date":"2024-12-04T15:52:26","date_gmt":"2024-12-04T15:52:26","guid":{"rendered":"https:\/\/ikonisch.pt\/?post_type=product&#038;p=27647"},"modified":"2024-12-16T16:02:13","modified_gmt":"2024-12-16T16:02:13","slug":"tipo-nome-brand-copia-104","status":"publish","type":"product","link":"https:\/\/ikonisch.pt\/es\/produtos\/tipo-nome-brand-copia-104\/","title":{"rendered":"Taburete alto Franky &#8211; Dutchbone"},"content":{"rendered":"","protected":false},"excerpt":{"rendered":"<p>Creados para ambientes con una atm\u00f3sfera c\u00e1lida a trav\u00e9s de productos bien pensados y llenos de personalidad. Estos taburetes altos se inspiran en los tiempos pasados de los a\u00f1os 50, 60 y 70. Nada es perfecto: el truco est\u00e1 en ver la perfecci\u00f3n en la imperfecci\u00f3n. Cada ara\u00f1azo, mancha o marca de anillo cuenta una historia. A menudo hechos a mano, con peque\u00f1as imperfecciones que a\u00f1aden un toque de autenticidad. Los productos est\u00e1n dise\u00f1ados para durar a\u00f1os y convertirse en parte integrante de su historia.<br \/>\nSiempre fabricados con materiales de la m\u00e1s alta calidad, hechos a mano por aut\u00e9nticos obreros.<\/p>\n<p>Altura del asiento: 65 cm<\/p>\n<p>Atenci\u00f3n: Precio unitario.<\/p>\n<p><strong>Realizamos entregas a nivel mundial. Para env\u00edos fuera de Portugal y Espa\u00f1a, por favor, cont\u00e1ctenos para recibir un presupuesto personalizado.<\/strong><\/p>\n<p>Para m\u00e1s informaci\u00f3n sobre precios, p\u00f3ngase en contacto con nosotros por correo electr\u00f3nico en\u00a0<a href=\"mailto:info@ikonisch.pt\"><strong>info@ikonisch.pt<\/strong><\/a>\u00a0o por tel\u00e9fono en el\u00a0<strong>+351 913 068 270<\/strong>.<\/p>\n","protected":false},"featured_media":31721,"template":"","meta":{"_acf_changed":false,"inline_featured_image":false},"product_brand":[],"product_cat":[688],"product_tag":[2028],"class_list":{"0":"post-27647","1":"product","2":"type-product","3":"status-publish","4":"has-post-thumbnail","6":"product_cat-bancos-y-pufs","7":"product_tag-dutchbone-es","9":"first","10":"instock","11":"shipping-taxable","12":"product-type-simple"},"acf":[],"aioseo_notices":[],"_links":{"self":[{"href":"https:\/\/ikonisch.pt\/es\/wp-json\/wp\/v2\/product\/27647","targetHints":{"allow":["GET"]}}],"collection":[{"href":"https:\/\/ikonisch.pt\/es\/wp-json\/wp\/v2\/product"}],"about":[{"href":"https:\/\/ikonisch.pt\/es\/wp-json\/wp\/v2\/types\/product"}],"wp:featuredmedia":[{"embeddable":true,"href":"https:\/\/ikonisch.pt\/es\/wp-json\/wp\/v2\/media\/31721"}],"wp:attachment":[{"href":"https:\/\/ikonisch.pt\/es\/wp-json\/wp\/v2\/media?parent=27647"}],"wp:term":[{"taxonomy":"product_brand","embeddable":true,"href":"https:\/\/ikonisch.pt\/es\/wp-json\/wp\/v2\/product_brand?post=27647"},{"taxonomy":"product_cat","embeddable":true,"href":"https:\/\/ikonisch.pt\/es\/wp-json\/wp\/v2\/product_cat?post=27647"},{"taxonomy":"product_tag","embeddable":true,"href":"https:\/\/ikonisch.pt\/es\/wp-json\/wp\/v2\/product_tag?post=27647"}],"curies":[{"name":"wp","href":"https:\/\/api.w.org\/{rel}","templated":true}]}}