{"id":27749,"date":"2024-12-06T14:30:04","date_gmt":"2024-12-06T14:30:04","guid":{"rendered":"https:\/\/ikonisch.pt\/?post_type=product&#038;p=27749"},"modified":"2024-12-06T15:35:43","modified_gmt":"2024-12-06T15:35:43","slug":"silla-nemea-gris-pedrali-copia","status":"publish","type":"product","link":"https:\/\/ikonisch.pt\/es\/produtos\/silla-nemea-gris-pedrali-copia\/","title":{"rendered":"Silla Nemea Azul Claro &#8211; Pedrali"},"content":{"rendered":"","protected":false},"excerpt":{"rendered":"<p>Silla Nemea 2820 dise\u00f1ada por CMP Design para Pedrali. El dise\u00f1o de la colecci\u00f3n Nemea evoca la idea de la gracia cl\u00e1sica moldeada por el tiempo y la historia. Silla de madera contrachapada con patas de madera maciza de fresno lacada en azul claro y estructura de aluminio fundido.<\/p>\n<p>Atenci\u00f3n: Precio unitario.<\/p>\n<p><strong>Realizamos entregas a nivel mundial. Para env\u00edos fuera de Portugal y Espa\u00f1a, por favor, cont\u00e1ctenos para recibir un presupuesto personalizado.<\/strong><\/p>\n<p>Para m\u00e1s informaci\u00f3n sobre precios, p\u00f3ngase en contacto con nosotros por correo electr\u00f3nico en\u00a0<a href=\"mailto:info@ikonisch.pt\"><strong>info@ikonisch.pt<\/strong><\/a>\u00a0o por tel\u00e9fono en el\u00a0<strong>+351 913 068 270<\/strong>.<\/p>\n","protected":false},"featured_media":31461,"template":"","meta":{"_acf_changed":false,"inline_featured_image":false},"product_brand":[],"product_cat":[689],"product_tag":[2055,1933],"class_list":{"0":"post-27749","1":"product","2":"type-product","3":"status-publish","4":"has-post-thumbnail","6":"product_cat-sillas","7":"product_tag-cmp-design-es","8":"product_tag-pedrali-es","10":"first","11":"instock","12":"shipping-taxable","13":"product-type-simple"},"acf":[],"aioseo_notices":[],"_links":{"self":[{"href":"https:\/\/ikonisch.pt\/es\/wp-json\/wp\/v2\/product\/27749","targetHints":{"allow":["GET"]}}],"collection":[{"href":"https:\/\/ikonisch.pt\/es\/wp-json\/wp\/v2\/product"}],"about":[{"href":"https:\/\/ikonisch.pt\/es\/wp-json\/wp\/v2\/types\/product"}],"wp:featuredmedia":[{"embeddable":true,"href":"https:\/\/ikonisch.pt\/es\/wp-json\/wp\/v2\/media\/31461"}],"wp:attachment":[{"href":"https:\/\/ikonisch.pt\/es\/wp-json\/wp\/v2\/media?parent=27749"}],"wp:term":[{"taxonomy":"product_brand","embeddable":true,"href":"https:\/\/ikonisch.pt\/es\/wp-json\/wp\/v2\/product_brand?post=27749"},{"taxonomy":"product_cat","embeddable":true,"href":"https:\/\/ikonisch.pt\/es\/wp-json\/wp\/v2\/product_cat?post=27749"},{"taxonomy":"product_tag","embeddable":true,"href":"https:\/\/ikonisch.pt\/es\/wp-json\/wp\/v2\/product_tag?post=27749"}],"curies":[{"name":"wp","href":"https:\/\/api.w.org\/{rel}","templated":true}]}}