{"id":27819,"date":"2024-12-18T16:46:02","date_gmt":"2024-12-18T16:46:02","guid":{"rendered":"https:\/\/ikonisch.pt\/?post_type=product&#038;p=27819"},"modified":"2024-12-18T17:07:20","modified_gmt":"2024-12-18T17:07:20","slug":"base-de-mesa-dual-table-45-lievore-altherr-molina-andreu-world-copia","status":"publish","type":"product","link":"https:\/\/ikonisch.pt\/es\/produtos\/base-de-mesa-dual-table-45-lievore-altherr-molina-andreu-world-copia\/","title":{"rendered":"Base de Mesa Dual Table 60 &#8211; Lievore Altherr Molina &#8211; Andreu World"},"content":{"rendered":"","protected":false},"excerpt":{"rendered":"<p>Base de mesa de aluminio inyectado con columna ovalada y placa base redondeada. Disponible en 2 di\u00e1metros diferentes. Disponible en aluminio negro mate. Puede utilizarse tanto en interior como en exterior. Se puede utilizar con tableros redondos o cuadrados de diferentes medidas y diferentes tipos de materiales.<\/p>\n<p>Atenci\u00f3n: Precio unitario.<\/p>\n<p><strong>Realizamos entregas a nivel mundial. Para env\u00edos fuera de Portugal y Espa\u00f1a, por favor, cont\u00e1ctenos para recibir un presupuesto personalizado.<\/strong><\/p>\n<p>Para m\u00e1s informaci\u00f3n sobre precios, p\u00f3ngase en contacto con nosotros por correo electr\u00f3nico en\u00a0<a href=\"mailto:info@ikonisch.pt\"><strong>info@ikonisch.pt<\/strong><\/a>\u00a0o por tel\u00e9fono en el\u00a0<strong>+351 913 068 270<\/strong>.<\/p>\n","protected":false},"featured_media":31569,"template":"","meta":{"_acf_changed":false,"inline_featured_image":false},"product_brand":[],"product_cat":[694],"product_tag":[705,1363],"class_list":{"0":"post-27819","1":"product","2":"type-product","3":"status-publish","4":"has-post-thumbnail","6":"product_cat-mesas-es","7":"product_tag-andreu-world-es","8":"product_tag-lievore-altherr-molina-es","10":"first","11":"instock","12":"shipping-taxable","13":"product-type-simple"},"acf":[],"aioseo_notices":[],"_links":{"self":[{"href":"https:\/\/ikonisch.pt\/es\/wp-json\/wp\/v2\/product\/27819","targetHints":{"allow":["GET"]}}],"collection":[{"href":"https:\/\/ikonisch.pt\/es\/wp-json\/wp\/v2\/product"}],"about":[{"href":"https:\/\/ikonisch.pt\/es\/wp-json\/wp\/v2\/types\/product"}],"wp:featuredmedia":[{"embeddable":true,"href":"https:\/\/ikonisch.pt\/es\/wp-json\/wp\/v2\/media\/31569"}],"wp:attachment":[{"href":"https:\/\/ikonisch.pt\/es\/wp-json\/wp\/v2\/media?parent=27819"}],"wp:term":[{"taxonomy":"product_brand","embeddable":true,"href":"https:\/\/ikonisch.pt\/es\/wp-json\/wp\/v2\/product_brand?post=27819"},{"taxonomy":"product_cat","embeddable":true,"href":"https:\/\/ikonisch.pt\/es\/wp-json\/wp\/v2\/product_cat?post=27819"},{"taxonomy":"product_tag","embeddable":true,"href":"https:\/\/ikonisch.pt\/es\/wp-json\/wp\/v2\/product_tag?post=27819"}],"curies":[{"name":"wp","href":"https:\/\/api.w.org\/{rel}","templated":true}]}}