{"id":27846,"date":"2024-12-18T17:22:40","date_gmt":"2024-12-18T17:22:40","guid":{"rendered":"https:\/\/ikonisch.pt\/?post_type=product&#038;p=27846"},"modified":"2024-12-18T17:35:49","modified_gmt":"2024-12-18T17:35:49","slug":"tipo-nome-brand-copia-107","status":"publish","type":"product","link":"https:\/\/ikonisch.pt\/es\/produtos\/tipo-nome-brand-copia-107\/","title":{"rendered":"Base de mesa auxiliar Florence Knoll"},"content":{"rendered":"","protected":false},"excerpt":{"rendered":"<p>Esta mesa baja de centro fue dise\u00f1ada por Florence Knoll en 1954 y es un excelente ejemplo de su enfoque constructivo y geom\u00e9trico del dise\u00f1o de muebles, claramente influenciado por su mentor Mies van der Rohe. La mesa tiene una base de tubo cuadrado de acero soldado con un acabado de cromo pulido con el grabado original de Knoll en el pie. La mesa est\u00e1 en muy buen estado, como se aprecia en las fotos. Fabricada por Knoll International en Stuttgart, Alemania.<\/p>\n<p>Disponemos de varias soluciones para encimeras: m\u00e1rmol negro Marquina, cristal, etc. Contacte con nosotros y pida presupuesto.<\/p>\n<p>Atenci\u00f3n: Precio unitario.<\/p>\n<p><strong>Realizamos entregas a nivel mundial. Para env\u00edos fuera de Portugal y Espa\u00f1a, por favor, cont\u00e1ctenos para recibir un presupuesto personalizado.<\/strong><\/p>\n<p>Para m\u00e1s informaci\u00f3n sobre precios, p\u00f3ngase en contacto con nosotros por correo electr\u00f3nico en\u00a0<a href=\"mailto:info@ikonisch.pt\"><strong>info@ikonisch.pt<\/strong><\/a>\u00a0o por tel\u00e9fono en el\u00a0<strong>+351 913 068 270<\/strong>.<\/p>\n","protected":false},"featured_media":31597,"template":"","meta":{"_acf_changed":false,"inline_featured_image":false},"product_brand":[],"product_cat":[694],"product_tag":[1141,779],"class_list":{"0":"post-27846","1":"product","2":"type-product","3":"status-publish","4":"has-post-thumbnail","6":"product_cat-mesas-es","7":"product_tag-florence-knoll-es","8":"product_tag-knoll-es","10":"first","11":"outofstock","12":"shipping-taxable","13":"purchasable","14":"product-type-simple"},"acf":[],"aioseo_notices":[],"_links":{"self":[{"href":"https:\/\/ikonisch.pt\/es\/wp-json\/wp\/v2\/product\/27846","targetHints":{"allow":["GET"]}}],"collection":[{"href":"https:\/\/ikonisch.pt\/es\/wp-json\/wp\/v2\/product"}],"about":[{"href":"https:\/\/ikonisch.pt\/es\/wp-json\/wp\/v2\/types\/product"}],"wp:featuredmedia":[{"embeddable":true,"href":"https:\/\/ikonisch.pt\/es\/wp-json\/wp\/v2\/media\/31597"}],"wp:attachment":[{"href":"https:\/\/ikonisch.pt\/es\/wp-json\/wp\/v2\/media?parent=27846"}],"wp:term":[{"taxonomy":"product_brand","embeddable":true,"href":"https:\/\/ikonisch.pt\/es\/wp-json\/wp\/v2\/product_brand?post=27846"},{"taxonomy":"product_cat","embeddable":true,"href":"https:\/\/ikonisch.pt\/es\/wp-json\/wp\/v2\/product_cat?post=27846"},{"taxonomy":"product_tag","embeddable":true,"href":"https:\/\/ikonisch.pt\/es\/wp-json\/wp\/v2\/product_tag?post=27846"}],"curies":[{"name":"wp","href":"https:\/\/api.w.org\/{rel}","templated":true}]}}