{"id":28126,"date":"2024-12-19T15:36:00","date_gmt":"2024-12-19T15:36:00","guid":{"rendered":"https:\/\/ikonisch.pt\/?post_type=product&#038;p=28126"},"modified":"2024-12-19T15:40:53","modified_gmt":"2024-12-19T15:40:53","slug":"silla-axess-negra-vitra-copia","status":"publish","type":"product","link":"https:\/\/ikonisch.pt\/es\/produtos\/silla-axess-negra-vitra-copia\/","title":{"rendered":"Silla AXESS Azul &#8211; Vitra"},"content":{"rendered":"","protected":false},"excerpt":{"rendered":"<p>Las sillas de oficina de dise\u00f1o Axess de Vitra ofrecen una gama completa de requisitos ergon\u00f3micos para una silla moderna. La silla de oficina Axess combina tecnolog\u00eda inteligente con un elevado confort. F\u00e1cil de usar y con un dise\u00f1o sencillo, es f\u00e1cilmente ajustable y se adapta a las necesidades individuales de cada usuario. Sillas reacondicionadas que hemos devuelto a la vida limpiadas totalmente al vapor y con espuma y tejidos nuevos, la silla conservar\u00e1 su material y estructura originales. La estructura puede mostrar signos de peque\u00f1os ara\u00f1azos y desgaste. Esto no afectar\u00e1 a la funcionalidad de la silla.<br \/>\nVitra Axess es ligera, c\u00f3moda y robusta al mismo tiempo.<\/p>\n<p>Atenci\u00f3n: Precio unitario.<\/p>\n<p><strong>Realizamos entregas a nivel mundial. Para env\u00edos fuera de Portugal y Espa\u00f1a, por favor, cont\u00e1ctenos para recibir un presupuesto personalizado.<\/strong><\/p>\n<p>Para m\u00e1s informaci\u00f3n sobre precios, p\u00f3ngase en contacto con nosotros por correo electr\u00f3nico en\u00a0<a href=\"mailto:info@ikonisch.pt\"><strong>info@ikonisch.pt<\/strong><\/a>\u00a0o por tel\u00e9fono en el\u00a0<strong>+351 913 068 270<\/strong>.<\/p>\n","protected":false},"featured_media":28129,"template":"","meta":{"_acf_changed":false,"inline_featured_image":false},"product_brand":[],"product_cat":[691],"product_tag":[709,848],"class_list":{"0":"post-28126","1":"product","2":"type-product","3":"status-publish","4":"has-post-thumbnail","6":"product_cat-oficina","7":"product_tag-antonio-citterio-es","8":"product_tag-vitra-es","10":"first","11":"outofstock","12":"shipping-taxable","13":"purchasable","14":"product-type-simple"},"acf":[],"aioseo_notices":[],"_links":{"self":[{"href":"https:\/\/ikonisch.pt\/es\/wp-json\/wp\/v2\/product\/28126","targetHints":{"allow":["GET"]}}],"collection":[{"href":"https:\/\/ikonisch.pt\/es\/wp-json\/wp\/v2\/product"}],"about":[{"href":"https:\/\/ikonisch.pt\/es\/wp-json\/wp\/v2\/types\/product"}],"wp:featuredmedia":[{"embeddable":true,"href":"https:\/\/ikonisch.pt\/es\/wp-json\/wp\/v2\/media\/28129"}],"wp:attachment":[{"href":"https:\/\/ikonisch.pt\/es\/wp-json\/wp\/v2\/media?parent=28126"}],"wp:term":[{"taxonomy":"product_brand","embeddable":true,"href":"https:\/\/ikonisch.pt\/es\/wp-json\/wp\/v2\/product_brand?post=28126"},{"taxonomy":"product_cat","embeddable":true,"href":"https:\/\/ikonisch.pt\/es\/wp-json\/wp\/v2\/product_cat?post=28126"},{"taxonomy":"product_tag","embeddable":true,"href":"https:\/\/ikonisch.pt\/es\/wp-json\/wp\/v2\/product_tag?post=28126"}],"curies":[{"name":"wp","href":"https:\/\/api.w.org\/{rel}","templated":true}]}}