{"id":28238,"date":"2024-12-20T01:05:00","date_gmt":"2024-12-20T01:05:00","guid":{"rendered":"https:\/\/ikonisch.pt\/?post_type=product&#038;p=28238"},"modified":"2024-12-20T05:23:49","modified_gmt":"2024-12-20T05:23:49","slug":"silla-id-soft-azul-base-de-plastico-vitra-copia","status":"publish","type":"product","link":"https:\/\/ikonisch.pt\/es\/produtos\/silla-id-soft-azul-base-de-plastico-vitra-copia\/","title":{"rendered":"Silla ID Soft Azul con base de aluminio pulido &#8211; Vitra"},"content":{"rendered":"","protected":false},"excerpt":{"rendered":"<p>Silla operativa de respaldo medio con mecanismo FlowMotion multifunci\u00f3n, reposabrazos y bases, significa que cada usuario y empresa puede encontrar \u00absu\u00bb propia ID Chair &#8211; ya sea para una oficina de planta abierta, para oficinas individuales o de equipo, para zonas de conferencias o para oficinas de direcci\u00f3n.<br \/>\nEl concepto de la silla ID tambi\u00e9n ofrece muchas opciones de configuraci\u00f3n y ajuste para lograr un asiento c\u00f3modo. El asiento blando y el respaldo de apoyo con una variedad de tapizados proporcionan una comodidad excepcional. El asiento Clima integrado tambi\u00e9n se encarga de mantener la temperatura del asiento, permaneciendo confortable durante ocho veces m\u00e1s tiempo que las superficies est\u00e1ndar.<br \/>\naltura del asiento: 40-52cm<\/p>\n<p>Atenci\u00f3n: Precio unitario.<\/p>\n<p><strong>Realizamos entregas a nivel mundial. Para env\u00edos fuera de Portugal y Espa\u00f1a, por favor, cont\u00e1ctenos para recibir un presupuesto personalizado.<\/strong><\/p>\n<p>Para m\u00e1s informaci\u00f3n sobre precios, p\u00f3ngase en contacto con nosotros por correo electr\u00f3nico en\u00a0<a href=\"mailto:info@ikonisch.pt\"><strong>info@ikonisch.pt<\/strong><\/a>\u00a0o por tel\u00e9fono en el\u00a0<strong>+351 913 068 270<\/strong>.<\/p>\n","protected":false},"featured_media":28244,"template":"","meta":{"_acf_changed":false,"inline_featured_image":false},"product_brand":[],"product_cat":[691],"product_tag":[709,848],"class_list":{"0":"post-28238","1":"product","2":"type-product","3":"status-publish","4":"has-post-thumbnail","6":"product_cat-oficina","7":"product_tag-antonio-citterio-es","8":"product_tag-vitra-es","10":"first","11":"outofstock","12":"shipping-taxable","13":"purchasable","14":"product-type-simple"},"acf":[],"aioseo_notices":[],"_links":{"self":[{"href":"https:\/\/ikonisch.pt\/es\/wp-json\/wp\/v2\/product\/28238","targetHints":{"allow":["GET"]}}],"collection":[{"href":"https:\/\/ikonisch.pt\/es\/wp-json\/wp\/v2\/product"}],"about":[{"href":"https:\/\/ikonisch.pt\/es\/wp-json\/wp\/v2\/types\/product"}],"wp:featuredmedia":[{"embeddable":true,"href":"https:\/\/ikonisch.pt\/es\/wp-json\/wp\/v2\/media\/28244"}],"wp:attachment":[{"href":"https:\/\/ikonisch.pt\/es\/wp-json\/wp\/v2\/media?parent=28238"}],"wp:term":[{"taxonomy":"product_brand","embeddable":true,"href":"https:\/\/ikonisch.pt\/es\/wp-json\/wp\/v2\/product_brand?post=28238"},{"taxonomy":"product_cat","embeddable":true,"href":"https:\/\/ikonisch.pt\/es\/wp-json\/wp\/v2\/product_cat?post=28238"},{"taxonomy":"product_tag","embeddable":true,"href":"https:\/\/ikonisch.pt\/es\/wp-json\/wp\/v2\/product_tag?post=28238"}],"curies":[{"name":"wp","href":"https:\/\/api.w.org\/{rel}","templated":true}]}}