{"id":28270,"date":"2024-12-30T02:18:10","date_gmt":"2024-12-30T02:18:10","guid":{"rendered":"https:\/\/ikonisch.pt\/?post_type=product&#038;p=28270"},"modified":"2024-12-31T12:48:22","modified_gmt":"2024-12-31T12:48:22","slug":"armario-doble-quaranta5-fantoni-copia","status":"publish","type":"product","link":"https:\/\/ikonisch.pt\/es\/produtos\/armario-doble-quaranta5-fantoni-copia\/","title":{"rendered":"Armario Quaranta5 &#8211; Fantoni"},"content":{"rendered":"","protected":false},"excerpt":{"rendered":"<p>Armario doble de la gama Quaranta5 inspirado en la idea de perfiles a 45\u00ba con encimera completa de madera barnizada, con un m\u00f3dulo con puertas de apertura con cerradura y estante extra\u00edble y un m\u00f3dulo sin puertas con estante extra\u00edble.<\/p>\n<p>Atenci\u00f3n: Precio unitario.<\/p>\n<p><strong>Realizamos entregas a nivel mundial. Para env\u00edos fuera de Portugal y Espa\u00f1a, por favor, cont\u00e1ctenos para recibir un presupuesto personalizado.<\/strong><\/p>\n<p>Para m\u00e1s informaci\u00f3n sobre precios, p\u00f3ngase en contacto con nosotros por correo electr\u00f3nico en\u00a0<a href=\"mailto:info@ikonisch.pt\"><strong>info@ikonisch.pt<\/strong><\/a>\u00a0o por tel\u00e9fono en el\u00a0<strong>+351 913 068 270<\/strong>.<\/p>\n","protected":false},"featured_media":31083,"template":"","meta":{"_acf_changed":false,"inline_featured_image":false},"product_brand":[],"product_cat":[687,691],"product_tag":[1773,1774,1775],"class_list":{"0":"post-28270","1":"product","2":"type-product","3":"status-publish","4":"has-post-thumbnail","6":"product_cat-armarios-es","7":"product_cat-oficina","8":"product_tag-fantoni-spa-es","9":"product_tag-gino-valle-es","10":"product_tag-herbert-ohl-es","12":"first","13":"instock","14":"shipping-taxable","15":"purchasable","16":"product-type-simple"},"acf":[],"aioseo_notices":[],"_links":{"self":[{"href":"https:\/\/ikonisch.pt\/es\/wp-json\/wp\/v2\/product\/28270","targetHints":{"allow":["GET"]}}],"collection":[{"href":"https:\/\/ikonisch.pt\/es\/wp-json\/wp\/v2\/product"}],"about":[{"href":"https:\/\/ikonisch.pt\/es\/wp-json\/wp\/v2\/types\/product"}],"wp:featuredmedia":[{"embeddable":true,"href":"https:\/\/ikonisch.pt\/es\/wp-json\/wp\/v2\/media\/31083"}],"wp:attachment":[{"href":"https:\/\/ikonisch.pt\/es\/wp-json\/wp\/v2\/media?parent=28270"}],"wp:term":[{"taxonomy":"product_brand","embeddable":true,"href":"https:\/\/ikonisch.pt\/es\/wp-json\/wp\/v2\/product_brand?post=28270"},{"taxonomy":"product_cat","embeddable":true,"href":"https:\/\/ikonisch.pt\/es\/wp-json\/wp\/v2\/product_cat?post=28270"},{"taxonomy":"product_tag","embeddable":true,"href":"https:\/\/ikonisch.pt\/es\/wp-json\/wp\/v2\/product_tag?post=28270"}],"curies":[{"name":"wp","href":"https:\/\/api.w.org\/{rel}","templated":true}]}}