{"id":28468,"date":"2025-01-22T21:51:18","date_gmt":"2025-01-22T21:51:18","guid":{"rendered":"https:\/\/ikonisch.pt\/?post_type=product&#038;p=28468"},"modified":"2025-05-13T15:46:47","modified_gmt":"2025-05-13T15:46:47","slug":"sofa-george-bb-italia-copia","status":"publish","type":"product","link":"https:\/\/ikonisch.pt\/es\/produtos\/sofa-george-bb-italia-copia\/","title":{"rendered":"Sof\u00e1 Individual George &#8211; B&amp;B Italia (by Antonio Citterio)"},"content":{"rendered":"","protected":false},"excerpt":{"rendered":"<p>Sof\u00e1 individual modelo George GS-80 para la colecci\u00f3n de proyectos en 2013 es un derivado del producto cl\u00e1sico originalmente creado por Antonio Citterio en 2001 para B&amp;B. Para el mercado de oficinas, el producto ha sido revisado con almohadillas m\u00e1s voluminosas tanto en el asiento como en el respaldo que crean una gama de asientos elegantes y c\u00f3modos con una altura de asiento formal mayor.<\/p>\n","protected":false},"featured_media":29347,"template":"","meta":{"_acf_changed":false,"inline_featured_image":false},"product_brand":[],"product_cat":[690,697],"product_tag":[709,718,2322],"class_list":{"0":"post-28468","1":"product","2":"type-product","3":"status-publish","4":"has-post-thumbnail","6":"product_cat-hogar","7":"product_cat-sofas-y-sillones","8":"product_tag-antonio-citterio-es","9":"product_tag-bb-italia-es","10":"product_tag-sofa-es","12":"first","13":"outofstock","14":"shipping-taxable","15":"purchasable","16":"product-type-simple"},"acf":[],"aioseo_notices":[],"_links":{"self":[{"href":"https:\/\/ikonisch.pt\/es\/wp-json\/wp\/v2\/product\/28468","targetHints":{"allow":["GET"]}}],"collection":[{"href":"https:\/\/ikonisch.pt\/es\/wp-json\/wp\/v2\/product"}],"about":[{"href":"https:\/\/ikonisch.pt\/es\/wp-json\/wp\/v2\/types\/product"}],"wp:featuredmedia":[{"embeddable":true,"href":"https:\/\/ikonisch.pt\/es\/wp-json\/wp\/v2\/media\/29347"}],"wp:attachment":[{"href":"https:\/\/ikonisch.pt\/es\/wp-json\/wp\/v2\/media?parent=28468"}],"wp:term":[{"taxonomy":"product_brand","embeddable":true,"href":"https:\/\/ikonisch.pt\/es\/wp-json\/wp\/v2\/product_brand?post=28468"},{"taxonomy":"product_cat","embeddable":true,"href":"https:\/\/ikonisch.pt\/es\/wp-json\/wp\/v2\/product_cat?post=28468"},{"taxonomy":"product_tag","embeddable":true,"href":"https:\/\/ikonisch.pt\/es\/wp-json\/wp\/v2\/product_tag?post=28468"}],"curies":[{"name":"wp","href":"https:\/\/api.w.org\/{rel}","templated":true}]}}