{"id":28517,"date":"2025-01-24T10:56:36","date_gmt":"2025-01-24T10:56:37","guid":{"rendered":"https:\/\/ikonisch.pt\/?post_type=product&#038;p=28517"},"modified":"2025-05-13T15:43:58","modified_gmt":"2025-05-13T15:43:58","slug":"sillon-mole-sergio-rodrigues-copia","status":"publish","type":"product","link":"https:\/\/ikonisch.pt\/es\/produtos\/sillon-mole-sergio-rodrigues-copia\/","title":{"rendered":"Butaca Samurai"},"content":{"rendered":"","protected":false},"excerpt":{"rendered":"<p>Preciosa silla individual modelo Samurai de Luciano Frigerio, a\u00f1os 70, con estructura en madera de \u00e9bano y correas de piel, revestida en piel natural original, en buen estado. El nombre de esta pieza y su l\u00ednea, particularmente acentuada en la forma de los pies, se inspiran en las espadas de los luchadores japoneses y en las formas de los ideogramas t\u00edpicos de la lengua.<\/p>\n","protected":false},"featured_media":29344,"template":"","meta":{"_acf_changed":false,"inline_featured_image":false},"product_brand":[],"product_cat":[698,690,697],"product_tag":[2316,2317,2314,2315],"class_list":{"0":"post-28517","1":"product","2":"type-product","3":"status-publish","4":"has-post-thumbnail","6":"product_cat-coleccion-vintage","7":"product_cat-hogar","8":"product_cat-sofas-y-sillones","9":"product_tag-luciano-frigerio-es","10":"product_tag-pele-es","11":"product_tag-poltrona-es","12":"product_tag-samurai-es","14":"first","15":"outofstock","16":"sold-individually","17":"shipping-taxable","18":"purchasable","19":"product-type-simple"},"acf":[],"aioseo_notices":[],"_links":{"self":[{"href":"https:\/\/ikonisch.pt\/es\/wp-json\/wp\/v2\/product\/28517","targetHints":{"allow":["GET"]}}],"collection":[{"href":"https:\/\/ikonisch.pt\/es\/wp-json\/wp\/v2\/product"}],"about":[{"href":"https:\/\/ikonisch.pt\/es\/wp-json\/wp\/v2\/types\/product"}],"wp:featuredmedia":[{"embeddable":true,"href":"https:\/\/ikonisch.pt\/es\/wp-json\/wp\/v2\/media\/29344"}],"wp:attachment":[{"href":"https:\/\/ikonisch.pt\/es\/wp-json\/wp\/v2\/media?parent=28517"}],"wp:term":[{"taxonomy":"product_brand","embeddable":true,"href":"https:\/\/ikonisch.pt\/es\/wp-json\/wp\/v2\/product_brand?post=28517"},{"taxonomy":"product_cat","embeddable":true,"href":"https:\/\/ikonisch.pt\/es\/wp-json\/wp\/v2\/product_cat?post=28517"},{"taxonomy":"product_tag","embeddable":true,"href":"https:\/\/ikonisch.pt\/es\/wp-json\/wp\/v2\/product_tag?post=28517"}],"curies":[{"name":"wp","href":"https:\/\/api.w.org\/{rel}","templated":true}]}}