{"id":28627,"date":"2025-02-19T16:02:50","date_gmt":"2025-02-19T16:02:50","guid":{"rendered":"https:\/\/ikonisch.pt\/?post_type=product&#038;p=28627"},"modified":"2025-05-13T15:53:38","modified_gmt":"2025-05-13T15:53:38","slug":"base-de-mesa-dual-table-60-lievore-altherr-molina-andreu-world-copia","status":"publish","type":"product","link":"https:\/\/ikonisch.pt\/es\/produtos\/base-de-mesa-dual-table-60-lievore-altherr-molina-andreu-world-copia\/","title":{"rendered":"Mesa Doble 60 &#8211; Andreu World"},"content":{"rendered":"","protected":false},"excerpt":{"rendered":"<p>Mesa con base de aluminio y acero con columna oval y placa base redondeada, tapa en MDF chapado en madera natural de roble franc\u00e9s. Uso en interiores.<br \/>\nDi\u00e1metro de la base: \u00d845cm<br \/>\nDi\u00e1metro de la tapa: \u00d860cm<\/p>\n<p>Atenci\u00f3n: Valor unitario.<\/p>\n<p><strong>Realizamos entregas a nivel mundial. Para env\u00edos fuera de Portugal y Espa\u00f1a, por favor, cont\u00e1ctenos para recibir un presupuesto personalizado.<\/strong><\/p>\n<p>Para m\u00e1s informaci\u00f3n sobre precios, p\u00f3ngase en contacto con nosotros por correo electr\u00f3nico en\u00a0<a href=\"mailto:info@ikonisch.pt\"><strong>info@ikonisch.pt<\/strong><\/a>\u00a0o por tel\u00e9fono en el\u00a0<strong>+351 913 068 270<\/strong>.<\/p>\n","protected":false},"featured_media":31566,"template":"","meta":{"_acf_changed":false,"inline_featured_image":false},"product_brand":[],"product_cat":[694],"product_tag":[705,1363],"class_list":{"0":"post-28627","1":"product","2":"type-product","3":"status-publish","4":"has-post-thumbnail","6":"product_cat-mesas-es","7":"product_tag-andreu-world-es","8":"product_tag-lievore-altherr-molina-es","10":"first","11":"instock","12":"shipping-taxable","13":"purchasable","14":"product-type-simple"},"acf":[],"aioseo_notices":[],"_links":{"self":[{"href":"https:\/\/ikonisch.pt\/es\/wp-json\/wp\/v2\/product\/28627","targetHints":{"allow":["GET"]}}],"collection":[{"href":"https:\/\/ikonisch.pt\/es\/wp-json\/wp\/v2\/product"}],"about":[{"href":"https:\/\/ikonisch.pt\/es\/wp-json\/wp\/v2\/types\/product"}],"wp:featuredmedia":[{"embeddable":true,"href":"https:\/\/ikonisch.pt\/es\/wp-json\/wp\/v2\/media\/31566"}],"wp:attachment":[{"href":"https:\/\/ikonisch.pt\/es\/wp-json\/wp\/v2\/media?parent=28627"}],"wp:term":[{"taxonomy":"product_brand","embeddable":true,"href":"https:\/\/ikonisch.pt\/es\/wp-json\/wp\/v2\/product_brand?post=28627"},{"taxonomy":"product_cat","embeddable":true,"href":"https:\/\/ikonisch.pt\/es\/wp-json\/wp\/v2\/product_cat?post=28627"},{"taxonomy":"product_tag","embeddable":true,"href":"https:\/\/ikonisch.pt\/es\/wp-json\/wp\/v2\/product_tag?post=28627"}],"curies":[{"name":"wp","href":"https:\/\/api.w.org\/{rel}","templated":true}]}}