{"id":28761,"date":"2025-02-19T22:19:11","date_gmt":"2025-02-19T22:19:11","guid":{"rendered":"https:\/\/ikonisch.pt\/?post_type=product&#038;p=28761"},"modified":"2025-05-13T15:57:42","modified_gmt":"2025-05-13T15:57:42","slug":"silla-modelo-sw1-coalesse-copia","status":"publish","type":"product","link":"https:\/\/ikonisch.pt\/es\/produtos\/silla-modelo-sw1-coalesse-copia\/","title":{"rendered":"Par de sillas modelo SW1 &#8211; Coalesse"},"content":{"rendered":"","protected":false},"excerpt":{"rendered":"<p>Sill\u00f3n individual dise\u00f1ado por Scott Wilson, que crea un espacio singular en un entorno corporativo h\u00edbrido, tanto formando parte de ambientes de conferencias como zonas lounge. Redefine el concepto de espacios de trabajo colaborativos con esta colecci\u00f3n de sillones para oficinas y zonas lounge refa SW_1. Un respaldo de malla transpirable proporciona mayor comodidad para largas sesiones de trabajo. Una base giratoria y brazos abiertos expanden la visi\u00f3n, aumentando el flujo de colaboraci\u00f3n y di\u00e1logo en cualquier espacio.<\/p>\n<p>Atenci\u00f3n: valor del conjunto.<\/p>\n<p>&nbsp;<\/p>\n<p>Realizamos entregas a nivel mundial. Para env\u00edos fuera de Portugal y Espa\u00f1a, por favor p\u00f3ngase en contacto con nosotros para recibir un presupuesto personalizado.<\/p>\n<p>Para m\u00e1s informaci\u00f3n sobre los precios, por favor contacte con nosotros a trav\u00e9s de info@ikonisch.pt o por tel\u00e9fono +351 913 068 270.<\/p>\n","protected":false},"featured_media":29350,"template":"","meta":{"_acf_changed":false,"inline_featured_image":false},"product_brand":[],"product_cat":[689,697],"product_tag":[1260,1259],"class_list":{"0":"post-28761","1":"product","2":"type-product","3":"status-publish","4":"has-post-thumbnail","6":"product_cat-sillas","7":"product_cat-sofas-y-sillones","8":"product_tag-coalesse-es","9":"product_tag-scott-wilson-minimal-es","11":"first","12":"outofstock","13":"shipping-taxable","14":"purchasable","15":"product-type-simple"},"acf":[],"aioseo_notices":[],"_links":{"self":[{"href":"https:\/\/ikonisch.pt\/es\/wp-json\/wp\/v2\/product\/28761","targetHints":{"allow":["GET"]}}],"collection":[{"href":"https:\/\/ikonisch.pt\/es\/wp-json\/wp\/v2\/product"}],"about":[{"href":"https:\/\/ikonisch.pt\/es\/wp-json\/wp\/v2\/types\/product"}],"wp:featuredmedia":[{"embeddable":true,"href":"https:\/\/ikonisch.pt\/es\/wp-json\/wp\/v2\/media\/29350"}],"wp:attachment":[{"href":"https:\/\/ikonisch.pt\/es\/wp-json\/wp\/v2\/media?parent=28761"}],"wp:term":[{"taxonomy":"product_brand","embeddable":true,"href":"https:\/\/ikonisch.pt\/es\/wp-json\/wp\/v2\/product_brand?post=28761"},{"taxonomy":"product_cat","embeddable":true,"href":"https:\/\/ikonisch.pt\/es\/wp-json\/wp\/v2\/product_cat?post=28761"},{"taxonomy":"product_tag","embeddable":true,"href":"https:\/\/ikonisch.pt\/es\/wp-json\/wp\/v2\/product_tag?post=28761"}],"curies":[{"name":"wp","href":"https:\/\/api.w.org\/{rel}","templated":true}]}}