{"id":28835,"date":"2025-02-24T12:55:22","date_gmt":"2025-02-24T12:55:23","guid":{"rendered":"https:\/\/ikonisch.pt\/?post_type=product&#038;p=28835"},"modified":"2025-05-13T15:41:17","modified_gmt":"2025-05-13T15:41:17","slug":"juego-de-sillas-snow-300-pedrali-copia","status":"publish","type":"product","link":"https:\/\/ikonisch.pt\/es\/produtos\/juego-de-sillas-snow-300-pedrali-copia\/","title":{"rendered":"Highframe silla 440 &#8211; alias"},"content":{"rendered":"","protected":false},"excerpt":{"rendered":"<p>Silla fija con brazos en excelente estado de conservaci\u00f3n sin signos de uso, ligera y apilable de la colecci\u00f3n Highframe by Alberto Meda para alias se adapta perfectamente como silla para comedor, as\u00ed como en salas de reuniones, Salas de espera u oficinas como una silla para visitantes.<br \/>\nHighframe silla est\u00e1 disponible en grandes cantidades con brazos, el marco de aluminio fundido cromado asiento y respaldo est\u00e1n hechos de tela de malla especial.<\/p>\n<p>Valor de la unidad.<\/p>\n<p><strong>Realizamos entregas a nivel mundial. Para env\u00edos fuera de Portugal y Espa\u00f1a, por favor, cont\u00e1ctenos para recibir un presupuesto personalizado.<\/strong><\/p>\n<p>Para m\u00e1s informaci\u00f3n sobre precios, p\u00f3ngase en contacto con nosotros por correo electr\u00f3nico en\u00a0<a href=\"mailto:info@ikonisch.pt\"><strong>info@ikonisch.pt<\/strong><\/a>\u00a0o por tel\u00e9fono en el\u00a0<strong>+351 913 068 270<\/strong>.<\/p>\n","protected":false},"featured_media":29671,"template":"","meta":{"_acf_changed":false,"inline_featured_image":false},"product_brand":[],"product_cat":[689],"product_tag":[1230,701,2307,2308],"class_list":{"0":"post-28835","1":"product","2":"type-product","3":"status-publish","4":"has-post-thumbnail","6":"product_cat-sillas","7":"product_tag-alberto-meda-es","8":"product_tag-alias-es","9":"product_tag-cadeira-es","10":"product_tag-cadeiras-es","12":"first","13":"instock","14":"shipping-taxable","15":"purchasable","16":"product-type-simple"},"acf":[],"aioseo_notices":[],"_links":{"self":[{"href":"https:\/\/ikonisch.pt\/es\/wp-json\/wp\/v2\/product\/28835","targetHints":{"allow":["GET"]}}],"collection":[{"href":"https:\/\/ikonisch.pt\/es\/wp-json\/wp\/v2\/product"}],"about":[{"href":"https:\/\/ikonisch.pt\/es\/wp-json\/wp\/v2\/types\/product"}],"wp:featuredmedia":[{"embeddable":true,"href":"https:\/\/ikonisch.pt\/es\/wp-json\/wp\/v2\/media\/29671"}],"wp:attachment":[{"href":"https:\/\/ikonisch.pt\/es\/wp-json\/wp\/v2\/media?parent=28835"}],"wp:term":[{"taxonomy":"product_brand","embeddable":true,"href":"https:\/\/ikonisch.pt\/es\/wp-json\/wp\/v2\/product_brand?post=28835"},{"taxonomy":"product_cat","embeddable":true,"href":"https:\/\/ikonisch.pt\/es\/wp-json\/wp\/v2\/product_cat?post=28835"},{"taxonomy":"product_tag","embeddable":true,"href":"https:\/\/ikonisch.pt\/es\/wp-json\/wp\/v2\/product_tag?post=28835"}],"curies":[{"name":"wp","href":"https:\/\/api.w.org\/{rel}","templated":true}]}}