{"id":28919,"date":"2025-02-24T15:20:13","date_gmt":"2025-02-24T15:20:13","guid":{"rendered":"https:\/\/ikonisch.pt\/?post_type=product&#038;p=28919"},"modified":"2025-05-13T15:59:38","modified_gmt":"2025-05-13T15:59:38","slug":"escritorio-nomos-2000x800mm-tecno-copia-2","status":"publish","type":"product","link":"https:\/\/ikonisch.pt\/es\/produtos\/escritorio-nomos-2000x800mm-tecno-copia-2\/","title":{"rendered":"Mesa Flip Top Twin &#8211; Steelcase"},"content":{"rendered":"<p><br data-mce-bogus=\"1\"><\/p>\n","protected":false},"excerpt":{"rendered":"<p>Mesa 1400x700x740(h) FlipTop Twin TM es una mesa inteligente y flexible para salas de reuniones o de formaci\u00f3n. Muy intuitiva, la tapa es reclinable y se puede girar de ambos lados. Una vez que la parte superior est\u00e1 volteada y tiene 4 ruedas direccionales con freno, las mesas se pueden almacenar para ahorrar espacio.<\/p>\n<p>Atenci\u00f3n: Valor unitario.<\/p>\n<p>Realizamos entregas a nivel mundial. Para env\u00edos fuera de Portugal y Espa\u00f1a, por favor p\u00f3ngase en contacto con nosotros para recibir un presupuesto personalizado.<\/p>\n<p>Para m\u00e1s informaci\u00f3n sobre los precios, por favor contacte con nosotros a trav\u00e9s de info@ikonisch.pt o por tel\u00e9fono +351 913 068 270.<\/p>\n","protected":false},"featured_media":31562,"template":"","meta":{"_acf_changed":false,"inline_featured_image":false},"product_brand":[],"product_cat":[691],"product_tag":[2324,2325,831],"class_list":{"0":"post-28919","1":"product","2":"type-product","3":"status-publish","4":"has-post-thumbnail","6":"product_cat-oficina","7":"product_tag-flip-top-es","8":"product_tag-id-es","9":"product_tag-steelcase-es","11":"first","12":"instock","13":"shipping-taxable","14":"purchasable","15":"product-type-simple"},"acf":[],"aioseo_notices":[],"_links":{"self":[{"href":"https:\/\/ikonisch.pt\/es\/wp-json\/wp\/v2\/product\/28919","targetHints":{"allow":["GET"]}}],"collection":[{"href":"https:\/\/ikonisch.pt\/es\/wp-json\/wp\/v2\/product"}],"about":[{"href":"https:\/\/ikonisch.pt\/es\/wp-json\/wp\/v2\/types\/product"}],"wp:featuredmedia":[{"embeddable":true,"href":"https:\/\/ikonisch.pt\/es\/wp-json\/wp\/v2\/media\/31562"}],"wp:attachment":[{"href":"https:\/\/ikonisch.pt\/es\/wp-json\/wp\/v2\/media?parent=28919"}],"wp:term":[{"taxonomy":"product_brand","embeddable":true,"href":"https:\/\/ikonisch.pt\/es\/wp-json\/wp\/v2\/product_brand?post=28919"},{"taxonomy":"product_cat","embeddable":true,"href":"https:\/\/ikonisch.pt\/es\/wp-json\/wp\/v2\/product_cat?post=28919"},{"taxonomy":"product_tag","embeddable":true,"href":"https:\/\/ikonisch.pt\/es\/wp-json\/wp\/v2\/product_tag?post=28919"}],"curies":[{"name":"wp","href":"https:\/\/api.w.org\/{rel}","templated":true}]}}