{"id":28964,"date":"2025-02-25T17:45:16","date_gmt":"2025-02-25T17:45:17","guid":{"rendered":"https:\/\/ikonisch.pt\/?post_type=product&#038;p=28964"},"modified":"2025-05-13T15:38:23","modified_gmt":"2025-05-13T15:38:23","slug":"silla-softshell-vitra-copia-2","status":"publish","type":"product","link":"https:\/\/ikonisch.pt\/es\/produtos\/silla-softshell-vitra-copia-2\/","title":{"rendered":"Silla RE DSS &#8211; Vitra"},"content":{"rendered":"","protected":false},"excerpt":{"rendered":"<p>Silla fija de 4 pies con conectores montados en las patas de acero cromado. La silla Eames RE DSS se puede montar en l\u00edneas ordenadas y fijas entre s\u00ed, haciendo que la silla sea particularmente adecuada para lugares p\u00fablicos, lugares de eventos o aulas. Y para situaciones en las que una alineaci\u00f3n formal de las sillas. Desde 2024, Vitra fabrica las fundas de asiento de la silla Eames Plastic con material reciclado que ahorra recursos.<br \/>\nPara grandes cantidades consulte con nosotros primero para que podamos enviarle la mejor cotizaci\u00f3n.<\/p>\n<p>Atenci\u00f3n: Valor unitario hasta 10 unidades.<br \/>\nDe 10 unidades:<\/p>\n<p>11 unid. a 20 unid. &#8211; 100\u20ac valor por unidad.<br \/>\n21 unid. a 40 unid. &#8211; 90\u20ac valor por unidad.<br \/>\nPor encima de 41 unid. &#8211; 78,70\u20ac valor por unidad.<\/p>\n<p><strong>Realizamos entregas a nivel mundial. Para env\u00edos fuera de Portugal y Espa\u00f1a, por favor, cont\u00e1ctenos para recibir un presupuesto personalizado.<\/strong><\/p>\n<p>Para m\u00e1s informaci\u00f3n sobre precios, p\u00f3ngase en contacto con nosotros por correo electr\u00f3nico en\u00a0<a href=\"mailto:info@ikonisch.pt\"><strong>info@ikonisch.pt<\/strong><\/a>\u00a0o por tel\u00e9fono en el\u00a0<strong>+351 913 068 270<\/strong>.<\/p>\n","protected":false},"featured_media":29334,"template":"","meta":{"_acf_changed":false,"inline_featured_image":false},"product_brand":[],"product_cat":[689],"product_tag":[2298,2299,848],"class_list":{"0":"post-28964","1":"product","2":"type-product","3":"status-publish","4":"has-post-thumbnail","6":"product_cat-sillas","7":"product_tag-dss-es","8":"product_tag-ea-es","9":"product_tag-vitra-es","11":"first","12":"instock","13":"downloadable","14":"shipping-taxable","15":"purchasable","16":"product-type-simple"},"acf":[],"aioseo_notices":[],"_links":{"self":[{"href":"https:\/\/ikonisch.pt\/es\/wp-json\/wp\/v2\/product\/28964","targetHints":{"allow":["GET"]}}],"collection":[{"href":"https:\/\/ikonisch.pt\/es\/wp-json\/wp\/v2\/product"}],"about":[{"href":"https:\/\/ikonisch.pt\/es\/wp-json\/wp\/v2\/types\/product"}],"wp:featuredmedia":[{"embeddable":true,"href":"https:\/\/ikonisch.pt\/es\/wp-json\/wp\/v2\/media\/29334"}],"wp:attachment":[{"href":"https:\/\/ikonisch.pt\/es\/wp-json\/wp\/v2\/media?parent=28964"}],"wp:term":[{"taxonomy":"product_brand","embeddable":true,"href":"https:\/\/ikonisch.pt\/es\/wp-json\/wp\/v2\/product_brand?post=28964"},{"taxonomy":"product_cat","embeddable":true,"href":"https:\/\/ikonisch.pt\/es\/wp-json\/wp\/v2\/product_cat?post=28964"},{"taxonomy":"product_tag","embeddable":true,"href":"https:\/\/ikonisch.pt\/es\/wp-json\/wp\/v2\/product_tag?post=28964"}],"curies":[{"name":"wp","href":"https:\/\/api.w.org\/{rel}","templated":true}]}}