{"id":29046,"date":"2025-02-27T02:32:41","date_gmt":"2025-02-27T02:32:42","guid":{"rendered":"https:\/\/ikonisch.pt\/?post_type=product&#038;p=29046"},"modified":"2025-06-09T14:46:03","modified_gmt":"2025-06-09T14:46:03","slug":"sofa-cloud-moooi-copia","status":"publish","type":"product","link":"https:\/\/ikonisch.pt\/es\/produtos\/sofa-cloud-moooi-copia\/","title":{"rendered":"Banco Loop &#8211; Serralunga"},"content":{"rendered":"","protected":false},"excerpt":{"rendered":"<p>Banco de jard\u00edn en excelente estado ideal para dar a espacios interiores y exteriores un toque elegante con una imagen singular. Un magn\u00edfico objeto de homedecor dise\u00f1ado por Christophe Pillet para Serralunga.<br \/>\nUna caracter\u00edstica especial es una abertura en el interior del banco de jard\u00edn, que hace la estructura m\u00e1s ligera y el impacto visual m\u00e1s aerodin\u00e1mico, al mismo tiempo que lo hace m\u00e1s fuerte. El acabado lacado le da un toque lujoso. Producto 100% construido con productos reciclables.<\/p>\n<p>Valor de la unidad.<\/p>\n<p>Realizamos entregas a nivel mundial. Para env\u00edos fuera de Portugal y Espa\u00f1a, por favor p\u00f3ngase en contacto con nosotros para recibir un presupuesto personalizado.<\/p>\n<p>Para m\u00e1s informaci\u00f3n sobre los precios, por favor contacte con nosotros a trav\u00e9s de info@ikonisch.pt o por tel\u00e9fono +351 913 068 270.<\/p>\n","protected":false},"featured_media":31766,"template":"","meta":{"_acf_changed":false,"inline_featured_image":false},"product_brand":[],"product_cat":[688],"product_tag":[2366,2365],"class_list":{"0":"post-29046","1":"product","2":"type-product","3":"status-publish","4":"has-post-thumbnail","6":"product_cat-bancos-y-pufs","7":"product_tag-christophe-pillet-es","8":"product_tag-serralunga-es","10":"first","11":"outofstock","12":"shipping-taxable","13":"purchasable","14":"product-type-simple"},"acf":[],"aioseo_notices":[],"_links":{"self":[{"href":"https:\/\/ikonisch.pt\/es\/wp-json\/wp\/v2\/product\/29046","targetHints":{"allow":["GET"]}}],"collection":[{"href":"https:\/\/ikonisch.pt\/es\/wp-json\/wp\/v2\/product"}],"about":[{"href":"https:\/\/ikonisch.pt\/es\/wp-json\/wp\/v2\/types\/product"}],"wp:featuredmedia":[{"embeddable":true,"href":"https:\/\/ikonisch.pt\/es\/wp-json\/wp\/v2\/media\/31766"}],"wp:attachment":[{"href":"https:\/\/ikonisch.pt\/es\/wp-json\/wp\/v2\/media?parent=29046"}],"wp:term":[{"taxonomy":"product_brand","embeddable":true,"href":"https:\/\/ikonisch.pt\/es\/wp-json\/wp\/v2\/product_brand?post=29046"},{"taxonomy":"product_cat","embeddable":true,"href":"https:\/\/ikonisch.pt\/es\/wp-json\/wp\/v2\/product_cat?post=29046"},{"taxonomy":"product_tag","embeddable":true,"href":"https:\/\/ikonisch.pt\/es\/wp-json\/wp\/v2\/product_tag?post=29046"}],"curies":[{"name":"wp","href":"https:\/\/api.w.org\/{rel}","templated":true}]}}