{"id":29511,"date":"2025-05-10T09:41:14","date_gmt":"2025-05-10T09:41:14","guid":{"rendered":"https:\/\/ikonisch.pt\/?post_type=product&#038;p=29511"},"modified":"2025-05-13T16:25:09","modified_gmt":"2025-05-13T16:25:09","slug":"silla-laia-alki-copia-copia-copia-3","status":"publish","type":"product","link":"https:\/\/ikonisch.pt\/es\/produtos\/silla-laia-alki-copia-copia-copia-3\/","title":{"rendered":"Mesa Malibu con tapa cuadrada &#8211; Inclass"},"content":{"rendered":"","protected":false},"excerpt":{"rendered":"<p>Con un dise\u00f1o contempor\u00e1neo y vers\u00e1til, la mesa alta MALIBU es ideal para su uso con bancos en diferentes contextos, desde espacios de trabajo a zonas de convivencia. Con estructura central y base de cuatro brazos en aluminio, presenta un aspecto ligero y moderno que se adapta f\u00e1cilmente a varios ambientes.<\/p>\n<p>Realizamos entregas a nivel mundial. Para env\u00edos fuera de Portugal y Espa\u00f1a, por favor, cont\u00e1ctenos para recibir un presupuesto personalizado.<\/p>\n<p>Para m\u00e1s informaci\u00f3n sobre precios, p\u00f3ngase en contacto con nosotros por correo electr\u00f3nico en\u00a0<a href=\"mailto:info@ikonisch.pt\"><strong>info@ikonisch.pt<\/strong><\/a>\u00a0o por tel\u00e9fono en el\u00a0<strong>+351 913 068 270<\/strong>.<\/p>\n","protected":false},"featured_media":31581,"template":"","meta":{"_acf_changed":false,"inline_featured_image":false},"product_brand":[],"product_cat":[694],"product_tag":[2295],"class_list":{"0":"post-29511","1":"product","2":"type-product","3":"status-publish","4":"has-post-thumbnail","6":"product_cat-mesas-es","7":"product_tag-inclass-es","9":"first","10":"outofstock","11":"purchasable","12":"product-type-simple"},"acf":[],"aioseo_notices":[],"_links":{"self":[{"href":"https:\/\/ikonisch.pt\/es\/wp-json\/wp\/v2\/product\/29511","targetHints":{"allow":["GET"]}}],"collection":[{"href":"https:\/\/ikonisch.pt\/es\/wp-json\/wp\/v2\/product"}],"about":[{"href":"https:\/\/ikonisch.pt\/es\/wp-json\/wp\/v2\/types\/product"}],"wp:featuredmedia":[{"embeddable":true,"href":"https:\/\/ikonisch.pt\/es\/wp-json\/wp\/v2\/media\/31581"}],"wp:attachment":[{"href":"https:\/\/ikonisch.pt\/es\/wp-json\/wp\/v2\/media?parent=29511"}],"wp:term":[{"taxonomy":"product_brand","embeddable":true,"href":"https:\/\/ikonisch.pt\/es\/wp-json\/wp\/v2\/product_brand?post=29511"},{"taxonomy":"product_cat","embeddable":true,"href":"https:\/\/ikonisch.pt\/es\/wp-json\/wp\/v2\/product_cat?post=29511"},{"taxonomy":"product_tag","embeddable":true,"href":"https:\/\/ikonisch.pt\/es\/wp-json\/wp\/v2\/product_tag?post=29511"}],"curies":[{"name":"wp","href":"https:\/\/api.w.org\/{rel}","templated":true}]}}