{"id":29541,"date":"2025-05-10T09:48:31","date_gmt":"2025-05-10T09:48:31","guid":{"rendered":"https:\/\/ikonisch.pt\/?post_type=product&#038;p=29541"},"modified":"2025-05-13T16:27:03","modified_gmt":"2025-05-13T16:27:03","slug":"silla-laia-alki-copia-copia-copia-copia","status":"publish","type":"product","link":"https:\/\/ikonisch.pt\/es\/produtos\/silla-laia-alki-copia-copia-copia-copia\/","title":{"rendered":"Varya Tapiz green chair &#8211; Inclass"},"content":{"rendered":"","protected":false},"excerpt":{"rendered":"<p>La silla con estructura de 4 patas en madera pertenece a la colecci\u00f3n VARYA TAPIZ, una l\u00ednea vers\u00e1til que combina funcionalidad y elegancia. Con un dise\u00f1o refinado y acogedor, esta silla tapizada se adapta perfectamente a ambientes dom\u00e9sticos o p\u00fablicos, garantizando una est\u00e9tica coherente en cualquier espacio. Ideal para proyectos que valoran la comodidad, uniformidad visual y calidad.<\/p>\n<p>Realizamos entregas a nivel mundial. Para env\u00edos fuera de Portugal y Espa\u00f1a, por favor, cont\u00e1ctenos para recibir un presupuesto personalizado.<\/p>\n<p>Para m\u00e1s informaci\u00f3n sobre precios, p\u00f3ngase en contacto con nosotros por correo electr\u00f3nico en\u00a0<a href=\"mailto:info@ikonisch.pt\"><strong>info@ikonisch.pt<\/strong><\/a>\u00a0o por tel\u00e9fono en el\u00a0<strong>+351 913 068 270<\/strong>.<\/p>\n","protected":false},"featured_media":31282,"template":"","meta":{"_acf_changed":false,"inline_featured_image":false},"product_brand":[],"product_cat":[691,689],"product_tag":[2295],"class_list":{"0":"post-29541","1":"product","2":"type-product","3":"status-publish","4":"has-post-thumbnail","6":"product_cat-oficina","7":"product_cat-sillas","8":"product_tag-inclass-es","10":"first","11":"outofstock","12":"purchasable","13":"product-type-simple"},"acf":[],"aioseo_notices":[],"_links":{"self":[{"href":"https:\/\/ikonisch.pt\/es\/wp-json\/wp\/v2\/product\/29541","targetHints":{"allow":["GET"]}}],"collection":[{"href":"https:\/\/ikonisch.pt\/es\/wp-json\/wp\/v2\/product"}],"about":[{"href":"https:\/\/ikonisch.pt\/es\/wp-json\/wp\/v2\/types\/product"}],"wp:featuredmedia":[{"embeddable":true,"href":"https:\/\/ikonisch.pt\/es\/wp-json\/wp\/v2\/media\/31282"}],"wp:attachment":[{"href":"https:\/\/ikonisch.pt\/es\/wp-json\/wp\/v2\/media?parent=29541"}],"wp:term":[{"taxonomy":"product_brand","embeddable":true,"href":"https:\/\/ikonisch.pt\/es\/wp-json\/wp\/v2\/product_brand?post=29541"},{"taxonomy":"product_cat","embeddable":true,"href":"https:\/\/ikonisch.pt\/es\/wp-json\/wp\/v2\/product_cat?post=29541"},{"taxonomy":"product_tag","embeddable":true,"href":"https:\/\/ikonisch.pt\/es\/wp-json\/wp\/v2\/product_tag?post=29541"}],"curies":[{"name":"wp","href":"https:\/\/api.w.org\/{rel}","templated":true}]}}