{"id":29753,"date":"2025-05-26T15:16:27","date_gmt":"2025-05-26T15:16:28","guid":{"rendered":"https:\/\/ikonisch.pt\/?post_type=product&#038;p=29753"},"modified":"2025-06-03T13:50:56","modified_gmt":"2025-06-03T13:50:56","slug":"phonebooth-individual-com-mesa-de-apoyo-copia-2","status":"publish","type":"product","link":"https:\/\/ikonisch.pt\/es\/produtos\/phonebooth-individual-com-mesa-de-apoyo-copia-2\/","title":{"rendered":"Phonebooth individual com mesa de apoyo (C\u00f3pia)"},"content":{"rendered":"","protected":false},"excerpt":{"rendered":"<p>Phonebooth modelo individual Origen-CAB para Cadeinor. Estructura en madera y acero revestida de espuma moldeada y flexible y tela y biombos laterales en tejido ac\u00fastico y mesa de apoyo vers\u00e1til y funcional, ideal como soporte para ordenadores port\u00e1tiles, tabletas, apuntes o incluso para una taza de caf\u00e9. Su dise\u00f1o hace de esta mesa el complemento perfecto para diferentes contextos y usos, tanto en espacios profesionales como dom\u00e9sticos.<\/p>\n<p>Realizamos entregas a nivel mundial. Para env\u00edos fuera de Portugal y Espa\u00f1a, por favor, cont\u00e1ctenos para recibir un presupuesto personalizado.<\/p>\n<p>Para m\u00e1s informaci\u00f3n sobre precios, p\u00f3ngase en contacto con nosotros por correo electr\u00f3nico en\u00a0<a href=\"mailto:info@ikonisch.pt\"><strong>info@ikonisch.pt<\/strong><\/a>\u00a0o por tel\u00e9fono en el\u00a0<strong>+351 913 068 270<\/strong>.<\/p>\n","protected":false},"featured_media":29769,"template":"","meta":{"_acf_changed":false,"inline_featured_image":false},"product_brand":[],"product_cat":[691],"product_tag":[2330],"class_list":{"0":"post-29753","1":"product","2":"type-product","3":"status-publish","4":"has-post-thumbnail","6":"product_cat-oficina","7":"product_tag-cadeinor-es","9":"first","10":"outofstock","11":"purchasable","12":"product-type-simple"},"acf":[],"aioseo_notices":[],"_links":{"self":[{"href":"https:\/\/ikonisch.pt\/es\/wp-json\/wp\/v2\/product\/29753","targetHints":{"allow":["GET"]}}],"collection":[{"href":"https:\/\/ikonisch.pt\/es\/wp-json\/wp\/v2\/product"}],"about":[{"href":"https:\/\/ikonisch.pt\/es\/wp-json\/wp\/v2\/types\/product"}],"wp:featuredmedia":[{"embeddable":true,"href":"https:\/\/ikonisch.pt\/es\/wp-json\/wp\/v2\/media\/29769"}],"wp:attachment":[{"href":"https:\/\/ikonisch.pt\/es\/wp-json\/wp\/v2\/media?parent=29753"}],"wp:term":[{"taxonomy":"product_brand","embeddable":true,"href":"https:\/\/ikonisch.pt\/es\/wp-json\/wp\/v2\/product_brand?post=29753"},{"taxonomy":"product_cat","embeddable":true,"href":"https:\/\/ikonisch.pt\/es\/wp-json\/wp\/v2\/product_cat?post=29753"},{"taxonomy":"product_tag","embeddable":true,"href":"https:\/\/ikonisch.pt\/es\/wp-json\/wp\/v2\/product_tag?post=29753"}],"curies":[{"name":"wp","href":"https:\/\/api.w.org\/{rel}","templated":true}]}}