{"id":29777,"date":"2025-05-30T15:21:22","date_gmt":"2025-05-30T15:21:23","guid":{"rendered":"https:\/\/ikonisch.pt\/?post_type=product&#038;p=29777"},"modified":"2025-06-03T13:59:49","modified_gmt":"2025-06-03T13:59:49","slug":"varya-tapiz-green-chair-inclass-copia","status":"publish","type":"product","link":"https:\/\/ikonisch.pt\/es\/produtos\/varya-tapiz-green-chair-inclass-copia\/","title":{"rendered":"Silla .03 de Maarten Van Severen para Vitra"},"content":{"rendered":"","protected":false},"excerpt":{"rendered":"<p>Silla fija modelo . 03 by Maarten Van Severen para Vitra, tuvo como objetivo crear una silla sencilla pero de dise\u00f1o, con forma elegante y fina\/flexible. El dise\u00f1o sigui\u00f3 el lema \u00ab\u00bbmenos es m\u00e1s\u00bb\u00bb y vali\u00f3 la pena. En 1998 se cre\u00f3 una silla que est\u00e1 entre los dise\u00f1os revolucionarios de sillas de la \u00faltima d\u00e9cada del siglo XX.<br \/>\nEl dise\u00f1o de la silla . 03 es simple y limpio con la calidad de acabado t\u00edpico de la marca Vitra. Las patas traseras son de acero, mientras que las delanteras son de aluminio lacado en plata. El asiento suave, que se adapta perfectamente al cuerpo humano, est\u00e1 hecho de espuma de poliuretano en color negro. El respaldo tiene un muelle que garantiza comodidad, flexibilidad y soporte perfecto para diferentes tipos de usuarios.<\/p>\n<p>Realizamos entregas a nivel mundial. Para env\u00edos fuera de Portugal y Espa\u00f1a, por favor, cont\u00e1ctenos para recibir un presupuesto personalizado.<\/p>\n<p>Para m\u00e1s informaci\u00f3n sobre precios, p\u00f3ngase en contacto con nosotros por correo electr\u00f3nico en\u00a0<a href=\"mailto:info@ikonisch.pt\"><strong>info@ikonisch.pt<\/strong><\/a>\u00a0o por tel\u00e9fono en el\u00a0<strong>+351 913 068 270<\/strong>.<\/p>\n","protected":false},"featured_media":31483,"template":"","meta":{"_acf_changed":false,"inline_featured_image":false},"product_brand":[],"product_cat":[689],"product_tag":[848],"class_list":{"0":"post-29777","1":"product","2":"type-product","3":"status-publish","4":"has-post-thumbnail","6":"product_cat-sillas","7":"product_tag-vitra-es","9":"first","10":"outofstock","11":"purchasable","12":"product-type-simple"},"acf":[],"aioseo_notices":[],"_links":{"self":[{"href":"https:\/\/ikonisch.pt\/es\/wp-json\/wp\/v2\/product\/29777","targetHints":{"allow":["GET"]}}],"collection":[{"href":"https:\/\/ikonisch.pt\/es\/wp-json\/wp\/v2\/product"}],"about":[{"href":"https:\/\/ikonisch.pt\/es\/wp-json\/wp\/v2\/types\/product"}],"wp:featuredmedia":[{"embeddable":true,"href":"https:\/\/ikonisch.pt\/es\/wp-json\/wp\/v2\/media\/31483"}],"wp:attachment":[{"href":"https:\/\/ikonisch.pt\/es\/wp-json\/wp\/v2\/media?parent=29777"}],"wp:term":[{"taxonomy":"product_brand","embeddable":true,"href":"https:\/\/ikonisch.pt\/es\/wp-json\/wp\/v2\/product_brand?post=29777"},{"taxonomy":"product_cat","embeddable":true,"href":"https:\/\/ikonisch.pt\/es\/wp-json\/wp\/v2\/product_cat?post=29777"},{"taxonomy":"product_tag","embeddable":true,"href":"https:\/\/ikonisch.pt\/es\/wp-json\/wp\/v2\/product_tag?post=29777"}],"curies":[{"name":"wp","href":"https:\/\/api.w.org\/{rel}","templated":true}]}}