{"id":29883,"date":"2025-05-30T16:29:30","date_gmt":"2025-05-30T16:29:31","guid":{"rendered":"https:\/\/ikonisch.pt\/?post_type=product&#038;p=29883"},"modified":"2025-06-03T14:05:50","modified_gmt":"2025-06-03T14:05:50","slug":"sofa-individual-modelo-alky-by-giancarlo-piretti-anonima-castelli-copia","status":"publish","type":"product","link":"https:\/\/ikonisch.pt\/es\/produtos\/sofa-individual-modelo-alky-by-giancarlo-piretti-anonima-castelli-copia\/","title":{"rendered":"Sof\u00e1 individual modelo Alky by Giancarlo Piretti"},"content":{"rendered":"","protected":false},"excerpt":{"rendered":"<p>Sill\u00f3n individual modelo &#8216;Alky&#8217; de Giancarlo Piretti para Anonima Castelli, lanzado por primera vez en 1970 y todav\u00eda actualmente en producci\u00f3n. Un verdadero cl\u00e1sico del dise\u00f1o, fabricado en espuma moldeada, con estructura interna y sistema de banda para mayor confort, sobre patas de aluminio, revestido con nuevo tejido boucle refa ALPS FR(Thyme). La silla Alky es una representaci\u00f3n notable del dise\u00f1o moderno.<br \/>\nCaracteristicas: Original, con algunas peque\u00f1as marcas en la base. Tela nueva.<\/p>\n<p>Realizamos entregas a nivel mundial. Para env\u00edos fuera de Portugal y Espa\u00f1a, por favor, cont\u00e1ctenos para recibir un presupuesto personalizado.<\/p>\n<p>Para m\u00e1s informaci\u00f3n sobre precios, p\u00f3ngase en contacto con nosotros por correo electr\u00f3nico en\u00a0<a href=\"mailto:info@ikonisch.pt\"><strong>info@ikonisch.pt<\/strong><\/a>\u00a0o por tel\u00e9fono en el\u00a0<strong>+351 913 068 270<\/strong>.<\/p>\n","protected":false},"featured_media":31520,"template":"","meta":{"_acf_changed":false,"inline_featured_image":false},"product_brand":[],"product_cat":[697],"product_tag":[2336],"class_list":{"0":"post-29883","1":"product","2":"type-product","3":"status-publish","4":"has-post-thumbnail","6":"product_cat-sofas-y-sillones","7":"product_tag-anonima-castelli-es","9":"first","10":"outofstock","11":"product-type-simple"},"acf":[],"aioseo_notices":[],"_links":{"self":[{"href":"https:\/\/ikonisch.pt\/es\/wp-json\/wp\/v2\/product\/29883","targetHints":{"allow":["GET"]}}],"collection":[{"href":"https:\/\/ikonisch.pt\/es\/wp-json\/wp\/v2\/product"}],"about":[{"href":"https:\/\/ikonisch.pt\/es\/wp-json\/wp\/v2\/types\/product"}],"wp:featuredmedia":[{"embeddable":true,"href":"https:\/\/ikonisch.pt\/es\/wp-json\/wp\/v2\/media\/31520"}],"wp:attachment":[{"href":"https:\/\/ikonisch.pt\/es\/wp-json\/wp\/v2\/media?parent=29883"}],"wp:term":[{"taxonomy":"product_brand","embeddable":true,"href":"https:\/\/ikonisch.pt\/es\/wp-json\/wp\/v2\/product_brand?post=29883"},{"taxonomy":"product_cat","embeddable":true,"href":"https:\/\/ikonisch.pt\/es\/wp-json\/wp\/v2\/product_cat?post=29883"},{"taxonomy":"product_tag","embeddable":true,"href":"https:\/\/ikonisch.pt\/es\/wp-json\/wp\/v2\/product_tag?post=29883"}],"curies":[{"name":"wp","href":"https:\/\/api.w.org\/{rel}","templated":true}]}}