{"id":30225,"date":"2025-05-30T20:14:45","date_gmt":"2025-05-30T20:14:46","guid":{"rendered":"https:\/\/ikonisch.pt\/?post_type=product&#038;p=30225"},"modified":"2025-06-03T14:09:20","modified_gmt":"2025-06-03T14:09:20","slug":"mesa-spatio-2100x1000-vitra-copia","status":"publish","type":"product","link":"https:\/\/ikonisch.pt\/es\/produtos\/mesa-spatio-2100x1000-vitra-copia\/","title":{"rendered":"Mesa EM by Jean Prouv\u00e9 &#8211; VITRA"},"content":{"rendered":"","protected":false},"excerpt":{"rendered":"<p>Dise\u00f1ada en 1950 por Jean Prouv\u00e9 para el proyecto de vivienda prefabricada La Maison Tropicale, la EM Table (Entretoise M\u00e9tallique) destaca por su construcci\u00f3n funcional y est\u00e9tica estructural.<br \/>\nLa estructura de acero recubierto de polvo, con patas diagonales, sigue principios de ingenier\u00eda y arquitectura, d\u00e1ndole estabilidad y car\u00e1cter. La tapa rectangular a\u00f1ade un toque natural y sofisticado al conjunto.<br \/>\nAtemporal y vers\u00e1til, la mesa EM se adapta f\u00e1cilmente a ambientes de comedor u oficina.<\/p>\n<p><strong>Realizamos entregas a nivel mundial. Para env\u00edos fuera de Portugal y Espa\u00f1a, por favor, cont\u00e1ctenos para recibir un presupuesto personalizado.<\/strong><\/p>\n<p>Para m\u00e1s informaci\u00f3n sobre precios, p\u00f3ngase en contacto con nosotros por correo electr\u00f3nico en\u00a0<a href=\"mailto:info@ikonisch.pt\"><strong>info@ikonisch.pt<\/strong><\/a>\u00a0o por tel\u00e9fono en el\u00a0<strong>+351 913 068 270<\/strong>.<\/p>\n","protected":false},"featured_media":31603,"template":"","meta":{"_acf_changed":false,"inline_featured_image":false},"product_brand":[],"product_cat":[694],"product_tag":[848],"class_list":{"0":"post-30225","1":"product","2":"type-product","3":"status-publish","4":"has-post-thumbnail","6":"product_cat-mesas-es","7":"product_tag-vitra-es","9":"first","10":"outofstock","11":"shipping-taxable","12":"product-type-simple"},"acf":[],"aioseo_notices":[],"_links":{"self":[{"href":"https:\/\/ikonisch.pt\/es\/wp-json\/wp\/v2\/product\/30225","targetHints":{"allow":["GET"]}}],"collection":[{"href":"https:\/\/ikonisch.pt\/es\/wp-json\/wp\/v2\/product"}],"about":[{"href":"https:\/\/ikonisch.pt\/es\/wp-json\/wp\/v2\/types\/product"}],"wp:featuredmedia":[{"embeddable":true,"href":"https:\/\/ikonisch.pt\/es\/wp-json\/wp\/v2\/media\/31603"}],"wp:attachment":[{"href":"https:\/\/ikonisch.pt\/es\/wp-json\/wp\/v2\/media?parent=30225"}],"wp:term":[{"taxonomy":"product_brand","embeddable":true,"href":"https:\/\/ikonisch.pt\/es\/wp-json\/wp\/v2\/product_brand?post=30225"},{"taxonomy":"product_cat","embeddable":true,"href":"https:\/\/ikonisch.pt\/es\/wp-json\/wp\/v2\/product_cat?post=30225"},{"taxonomy":"product_tag","embeddable":true,"href":"https:\/\/ikonisch.pt\/es\/wp-json\/wp\/v2\/product_tag?post=30225"}],"curies":[{"name":"wp","href":"https:\/\/api.w.org\/{rel}","templated":true}]}}