{"id":30228,"date":"2025-05-30T20:21:16","date_gmt":"2025-05-30T20:21:17","guid":{"rendered":"https:\/\/ikonisch.pt\/?post_type=product&#038;p=30228"},"modified":"2025-06-03T14:11:11","modified_gmt":"2025-06-03T14:11:11","slug":"silla-dsr-vitra-copia-2","status":"publish","type":"product","link":"https:\/\/ikonisch.pt\/es\/produtos\/silla-dsr-vitra-copia-2\/","title":{"rendered":"Silla 3103 Hammer da Fritz Hansen"},"content":{"rendered":"","protected":false},"excerpt":{"rendered":"<p>Las sillas originales de Fritz Hansen 3103, tambi\u00e9n conocida como Hammer Chair, fue dise\u00f1ada por Arne Jacobsen en 1955. Es una pieza ic\u00f3nica del dise\u00f1o dan\u00e9s de la posguerra, caracterizada por l\u00edneas simples y una silueta refinada, con asiento y respaldo moldeados en madera laminada.<br \/>\nDebido a su estado, mostrando bastantes signos de uso fue nuestra opci\u00f3n lacar las sillas en negro d\u00e1ndole un aspecto m\u00e1s agradable y contempor\u00e1neo, manteniendo la ligereza y funcionalidad originales y permitiendo as\u00ed reutilizar tanto las estructuras met\u00e1licas como los cascos de madera. Esta silla fue dise\u00f1ada para ofrecer confort ergon\u00f3mico y ser apilable, siendo muy utilizada en salas de conferencias, espacios p\u00fablicos, y mesas de comedor en el segmento home, aunque hoy tambi\u00e9n es valorada como pieza de colecci\u00f3n.<\/p>\n<p><strong>Realizamos entregas a nivel mundial. Para env\u00edos fuera de Portugal y Espa\u00f1a, por favor, cont\u00e1ctenos para recibir un presupuesto personalizado.<\/strong><\/p>\n<p>Para m\u00e1s informaci\u00f3n sobre precios, p\u00f3ngase en contacto con nosotros por correo electr\u00f3nico en\u00a0<a href=\"mailto:info@ikonisch.pt\"><strong>info@ikonisch.pt<\/strong><\/a>\u00a0o por tel\u00e9fono en el\u00a0<strong>+351 913 068 270<\/strong>.<\/p>\n","protected":false},"featured_media":31446,"template":"","meta":{"_acf_changed":false,"inline_featured_image":false},"product_brand":[],"product_cat":[689],"product_tag":[756],"class_list":{"0":"post-30228","1":"product","2":"type-product","3":"status-publish","4":"has-post-thumbnail","6":"product_cat-sillas","7":"product_tag-fritz-hansen-es","9":"first","10":"outofstock","11":"shipping-taxable","12":"purchasable","13":"product-type-simple"},"acf":[],"aioseo_notices":[],"_links":{"self":[{"href":"https:\/\/ikonisch.pt\/es\/wp-json\/wp\/v2\/product\/30228","targetHints":{"allow":["GET"]}}],"collection":[{"href":"https:\/\/ikonisch.pt\/es\/wp-json\/wp\/v2\/product"}],"about":[{"href":"https:\/\/ikonisch.pt\/es\/wp-json\/wp\/v2\/types\/product"}],"wp:featuredmedia":[{"embeddable":true,"href":"https:\/\/ikonisch.pt\/es\/wp-json\/wp\/v2\/media\/31446"}],"wp:attachment":[{"href":"https:\/\/ikonisch.pt\/es\/wp-json\/wp\/v2\/media?parent=30228"}],"wp:term":[{"taxonomy":"product_brand","embeddable":true,"href":"https:\/\/ikonisch.pt\/es\/wp-json\/wp\/v2\/product_brand?post=30228"},{"taxonomy":"product_cat","embeddable":true,"href":"https:\/\/ikonisch.pt\/es\/wp-json\/wp\/v2\/product_cat?post=30228"},{"taxonomy":"product_tag","embeddable":true,"href":"https:\/\/ikonisch.pt\/es\/wp-json\/wp\/v2\/product_tag?post=30228"}],"curies":[{"name":"wp","href":"https:\/\/api.w.org\/{rel}","templated":true}]}}