{"id":30240,"date":"2025-05-30T20:45:56","date_gmt":"2025-05-30T20:45:57","guid":{"rendered":"https:\/\/ikonisch.pt\/?post_type=product&#038;p=30240"},"modified":"2025-06-03T14:18:39","modified_gmt":"2025-06-03T14:18:39","slug":"silla-dsr-vitra-copia-copia-copia","status":"publish","type":"product","link":"https:\/\/ikonisch.pt\/es\/produtos\/silla-dsr-vitra-copia-copia-copia\/","title":{"rendered":"Silla fija modelo DSR by E&amp;A"},"content":{"rendered":"","protected":false},"excerpt":{"rendered":"<p>Una verdadera pieza de dise\u00f1o modernista, la Silla DSR (Dining Side Rod base) destaca por su delicada y estructuralmente robusta base met\u00e1lica &#8211; conocida como \u00abTorre Eiffel\u00bb &#8211; que confiere ligereza visual sin comprometer la estabilidad.<br \/>\nLa carcasa ergon\u00f3mica en pl\u00e1stico reciclado postconsumo se adapta naturalmente al cuerpo y gana confort adicional con el asiento suave integrado, ofreciendo una experiencia de uso m\u00e1s acogedora.<br \/>\nCombinando funcionalidad, sostenibilidad y est\u00e9tica atemporal, este icono dise\u00f1ado por Charles &amp; Ray Eames para Vitra sigue siendo una opci\u00f3n sofisticada tanto para entornos residenciales como profesionales.<\/p>\n<p>Atenci\u00f3n: Precio unitario.<\/p>\n<p><strong>Realizamos entregas a nivel mundial. Para env\u00edos fuera de Portugal y Espa\u00f1a, por favor, cont\u00e1ctenos para recibir un presupuesto personalizado.<\/strong><\/p>\n<p>Para m\u00e1s informaci\u00f3n sobre precios, p\u00f3ngase en contacto con nosotros por correo electr\u00f3nico en\u00a0<a href=\"mailto:info@ikonisch.pt\"><strong>info@ikonisch.pt<\/strong><\/a>\u00a0o por tel\u00e9fono en el\u00a0<strong>+351 913 068 270<\/strong>.<\/p>\n","protected":false},"featured_media":30322,"template":"","meta":{"_acf_changed":false,"inline_featured_image":false},"product_brand":[],"product_cat":[689],"product_tag":[848],"class_list":{"0":"post-30240","1":"product","2":"type-product","3":"status-publish","4":"has-post-thumbnail","6":"product_cat-sillas","7":"product_tag-vitra-es","9":"first","10":"outofstock","11":"shipping-taxable","12":"purchasable","13":"product-type-simple"},"acf":[],"aioseo_notices":[],"_links":{"self":[{"href":"https:\/\/ikonisch.pt\/es\/wp-json\/wp\/v2\/product\/30240","targetHints":{"allow":["GET"]}}],"collection":[{"href":"https:\/\/ikonisch.pt\/es\/wp-json\/wp\/v2\/product"}],"about":[{"href":"https:\/\/ikonisch.pt\/es\/wp-json\/wp\/v2\/types\/product"}],"wp:featuredmedia":[{"embeddable":true,"href":"https:\/\/ikonisch.pt\/es\/wp-json\/wp\/v2\/media\/30322"}],"wp:attachment":[{"href":"https:\/\/ikonisch.pt\/es\/wp-json\/wp\/v2\/media?parent=30240"}],"wp:term":[{"taxonomy":"product_brand","embeddable":true,"href":"https:\/\/ikonisch.pt\/es\/wp-json\/wp\/v2\/product_brand?post=30240"},{"taxonomy":"product_cat","embeddable":true,"href":"https:\/\/ikonisch.pt\/es\/wp-json\/wp\/v2\/product_cat?post=30240"},{"taxonomy":"product_tag","embeddable":true,"href":"https:\/\/ikonisch.pt\/es\/wp-json\/wp\/v2\/product_tag?post=30240"}],"curies":[{"name":"wp","href":"https:\/\/api.w.org\/{rel}","templated":true}]}}