{"id":30264,"date":"2025-05-30T21:10:16","date_gmt":"2025-05-30T21:10:17","guid":{"rendered":"https:\/\/ikonisch.pt\/?post_type=product&#038;p=30264"},"modified":"2025-06-03T15:29:51","modified_gmt":"2025-06-03T15:29:51","slug":"silla-elle-070-alias-copia","status":"publish","type":"product","link":"https:\/\/ikonisch.pt\/es\/produtos\/silla-elle-070-alias-copia\/","title":{"rendered":"Silla Elle &#8211; Alias"},"content":{"rendered":"","protected":false},"excerpt":{"rendered":"<p>La silla Elle, creada por Eugeni Quitllet para Alias, combina una estructura de aluminio con una carcasa de poliuretano TECH\u00ae. La delicada uni\u00f3n entre la estructura y la concha proporciona un movimiento suave y continuo.<br \/>\nLa ligera curvatura esculpida en el asiento proporciona un confort adecuado, mientras que la base inclinada hacia adelante transmite una sensaci\u00f3n din\u00e1mica y moderna.<br \/>\nIdeal para diversos espacios, Elle a\u00f1ade elegancia y car\u00e1cter tanto a ambientes dom\u00e9sticos como a locales comerciales, como restaurantes, lobbies de hoteles y bares, donde el dise\u00f1o destaca por su sobriedad.<\/p>\n<p>Atenci\u00f3n: precio unitario<\/p>\n<p>Realizamos entregas a nivel mundial. Para env\u00edos fuera de Portugal y Espa\u00f1a, por favor p\u00f3ngase en contacto con nosotros para recibir un presupuesto personalizado.<\/p>\n<p>Para m\u00e1s informaci\u00f3n sobre los precios, por favor contacte con nosotros a trav\u00e9s de info@ikonisch.pt o por tel\u00e9fono +351 913 068 270.<\/p>\n","protected":false},"featured_media":31443,"template":"","meta":{"_acf_changed":false,"inline_featured_image":false},"product_brand":[],"product_cat":[689],"product_tag":[701],"class_list":{"0":"post-30264","1":"product","2":"type-product","3":"status-publish","4":"has-post-thumbnail","6":"product_cat-sillas","7":"product_tag-alias-es","9":"first","10":"outofstock","11":"shipping-taxable","12":"purchasable","13":"product-type-simple"},"acf":[],"aioseo_notices":[],"_links":{"self":[{"href":"https:\/\/ikonisch.pt\/es\/wp-json\/wp\/v2\/product\/30264","targetHints":{"allow":["GET"]}}],"collection":[{"href":"https:\/\/ikonisch.pt\/es\/wp-json\/wp\/v2\/product"}],"about":[{"href":"https:\/\/ikonisch.pt\/es\/wp-json\/wp\/v2\/types\/product"}],"wp:featuredmedia":[{"embeddable":true,"href":"https:\/\/ikonisch.pt\/es\/wp-json\/wp\/v2\/media\/31443"}],"wp:attachment":[{"href":"https:\/\/ikonisch.pt\/es\/wp-json\/wp\/v2\/media?parent=30264"}],"wp:term":[{"taxonomy":"product_brand","embeddable":true,"href":"https:\/\/ikonisch.pt\/es\/wp-json\/wp\/v2\/product_brand?post=30264"},{"taxonomy":"product_cat","embeddable":true,"href":"https:\/\/ikonisch.pt\/es\/wp-json\/wp\/v2\/product_cat?post=30264"},{"taxonomy":"product_tag","embeddable":true,"href":"https:\/\/ikonisch.pt\/es\/wp-json\/wp\/v2\/product_tag?post=30264"}],"curies":[{"name":"wp","href":"https:\/\/api.w.org\/{rel}","templated":true}]}}