{"id":30276,"date":"2025-06-05T16:17:05","date_gmt":"2025-06-05T16:17:06","guid":{"rendered":"https:\/\/ikonisch.pt\/?post_type=product&#038;p=30276"},"modified":"2025-06-09T14:18:35","modified_gmt":"2025-06-09T14:18:35","slug":"sofa-individual-modelo-alky-by-giancarlo-piretti-copia","status":"publish","type":"product","link":"https:\/\/ikonisch.pt\/es\/produtos\/sofa-individual-modelo-alky-by-giancarlo-piretti-copia\/","title":{"rendered":"Sof\u00e1 modelo Ritz por Jos\u00e9 Espinho para Olaio"},"content":{"rendered":"","protected":false},"excerpt":{"rendered":"<p>Sill\u00f3n dise\u00f1ado por Jos\u00e9 Espinho en los a\u00f1os 60, para el hotel Ritz, producido en Olaio, de madera ex\u00f3tica, tapizado en piel sint\u00e9tica en color negro con restauraci\u00f3n de \u00e9poca.<\/p>\n<p>Realizamos entregas a nivel mundial. Para env\u00edos fuera de Portugal y Espa\u00f1a, por favor, cont\u00e1ctenos para recibir un presupuesto personalizado.<\/p>\n<p>Para m\u00e1s informaci\u00f3n sobre precios, p\u00f3ngase en contacto con nosotros por correo electr\u00f3nico en\u00a0<a href=\"mailto:info@ikonisch.pt\"><strong>info@ikonisch.pt<\/strong><\/a>\u00a0o por tel\u00e9fono en el\u00a0<strong>+351 913 068 270<\/strong>.<\/p>\n","protected":false},"featured_media":30306,"template":"","meta":{"_acf_changed":false,"inline_featured_image":false},"product_brand":[],"product_cat":[697],"product_tag":[2361],"class_list":{"0":"post-30276","1":"product","2":"type-product","3":"status-publish","4":"has-post-thumbnail","6":"product_cat-sofas-y-sillones","7":"product_tag-olaio-es","9":"first","10":"outofstock","11":"purchasable","12":"product-type-simple"},"acf":[],"aioseo_notices":[],"_links":{"self":[{"href":"https:\/\/ikonisch.pt\/es\/wp-json\/wp\/v2\/product\/30276","targetHints":{"allow":["GET"]}}],"collection":[{"href":"https:\/\/ikonisch.pt\/es\/wp-json\/wp\/v2\/product"}],"about":[{"href":"https:\/\/ikonisch.pt\/es\/wp-json\/wp\/v2\/types\/product"}],"wp:featuredmedia":[{"embeddable":true,"href":"https:\/\/ikonisch.pt\/es\/wp-json\/wp\/v2\/media\/30306"}],"wp:attachment":[{"href":"https:\/\/ikonisch.pt\/es\/wp-json\/wp\/v2\/media?parent=30276"}],"wp:term":[{"taxonomy":"product_brand","embeddable":true,"href":"https:\/\/ikonisch.pt\/es\/wp-json\/wp\/v2\/product_brand?post=30276"},{"taxonomy":"product_cat","embeddable":true,"href":"https:\/\/ikonisch.pt\/es\/wp-json\/wp\/v2\/product_cat?post=30276"},{"taxonomy":"product_tag","embeddable":true,"href":"https:\/\/ikonisch.pt\/es\/wp-json\/wp\/v2\/product_tag?post=30276"}],"curies":[{"name":"wp","href":"https:\/\/api.w.org\/{rel}","templated":true}]}}