{"id":30344,"date":"2025-07-02T13:27:39","date_gmt":"2025-07-02T13:27:40","guid":{"rendered":"https:\/\/ikonisch.pt\/?post_type=product&#038;p=30344"},"modified":"2025-07-03T13:20:44","modified_gmt":"2025-07-03T13:20:44","slug":"sillas-modelo-operette-roche-bobois-copia","status":"publish","type":"product","link":"https:\/\/ikonisch.pt\/es\/produtos\/sillas-modelo-operette-roche-bobois-copia\/","title":{"rendered":"Silla Fishnet por Marcel Wanders"},"content":{"rendered":"","protected":false},"excerpt":{"rendered":"<p>Fabricada por Marcel Wanders Studio en 2001, estructura de cuerda de aramida y fibra de carbono hecha a mano con recubrimiento de resina epoxi. La \u00abSilla Fishnet\u00bb es un desarrollo de la \u00abSilla Knotted\u00bb de Wanders, de 1996 refinada a \u00abComp\u00e1s y escuadra\u00bbpara representar el equilibrio y los valores. Se han producido menos de diez ejemplares. Forma parte de la Colecci\u00f3n Personal Editions. Silla escult\u00f3rica considerada una \u00abOda a la ligereza estructural\u00bb, esta pieza trasciende la funci\u00f3n utilitaria de la silla para afirmarse como escultura funcional. El dise\u00f1o org\u00e1nico en espiral crea una silueta fluida y envolvente, equilibrando forma y vac\u00edo con sorprendente estabilidad. Cada ejemplar es \u00fanico, hecho con precisi\u00f3n y paciencia, convirti\u00e9ndolo en una pieza de coleccionista y una conversaci\u00f3n en cualquier espacio.<\/p>\n<p>Realizamos entregas a nivel mundial. Para env\u00edos fuera de Portugal y Espa\u00f1a, por favor p\u00f3ngase en contacto con nosotros para recibir un presupuesto personalizado.<\/p>\n<p>Para m\u00e1s informaci\u00f3n sobre los precios, cons\u00faltanos por correo electr\u00f3nico info@ikonisch.pt o por tel\u00e9fono +351 913 068 270.<\/p>\n","protected":false},"featured_media":30978,"template":"","meta":{"_acf_changed":false,"inline_featured_image":false},"product_brand":[],"product_cat":[695,689],"product_tag":[1148],"class_list":{"0":"post-30344","1":"product","2":"type-product","3":"status-publish","4":"has-post-thumbnail","6":"product_cat-alquiler-para-espacios-y-eventos","7":"product_cat-sillas","8":"product_tag-marcel-wanders-es","10":"first","11":"outofstock","12":"shipping-taxable","13":"product-type-simple"},"acf":[],"aioseo_notices":[],"_links":{"self":[{"href":"https:\/\/ikonisch.pt\/es\/wp-json\/wp\/v2\/product\/30344","targetHints":{"allow":["GET"]}}],"collection":[{"href":"https:\/\/ikonisch.pt\/es\/wp-json\/wp\/v2\/product"}],"about":[{"href":"https:\/\/ikonisch.pt\/es\/wp-json\/wp\/v2\/types\/product"}],"wp:featuredmedia":[{"embeddable":true,"href":"https:\/\/ikonisch.pt\/es\/wp-json\/wp\/v2\/media\/30978"}],"wp:attachment":[{"href":"https:\/\/ikonisch.pt\/es\/wp-json\/wp\/v2\/media?parent=30344"}],"wp:term":[{"taxonomy":"product_brand","embeddable":true,"href":"https:\/\/ikonisch.pt\/es\/wp-json\/wp\/v2\/product_brand?post=30344"},{"taxonomy":"product_cat","embeddable":true,"href":"https:\/\/ikonisch.pt\/es\/wp-json\/wp\/v2\/product_cat?post=30344"},{"taxonomy":"product_tag","embeddable":true,"href":"https:\/\/ikonisch.pt\/es\/wp-json\/wp\/v2\/product_tag?post=30344"}],"curies":[{"name":"wp","href":"https:\/\/api.w.org\/{rel}","templated":true}]}}