{"id":30384,"date":"2025-07-02T13:49:27","date_gmt":"2025-07-02T13:49:28","guid":{"rendered":"https:\/\/ikonisch.pt\/?post_type=product&#038;p=30384"},"modified":"2025-07-03T13:41:59","modified_gmt":"2025-07-03T13:41:59","slug":"silla-ea117-netwave-vitra-copia","status":"publish","type":"product","link":"https:\/\/ikonisch.pt\/es\/produtos\/silla-ea117-netwave-vitra-copia\/","title":{"rendered":"Silla MedaSlim por Alberto Meda para Vitra"},"content":{"rendered":"","protected":false},"excerpt":{"rendered":"<p>Silla MedaSlim, totalmente negra, con brazos, dise\u00f1ada por Alberto Meda para Vitra, es una silla universal robusta que ofrece un confort excepcional. Silla elegante y moderna se puede utilizar donde sea necesario con un asiento c\u00f3modo y durante largos per\u00edodos. La estructura flexible del respaldo, el asiento y las patas delanteras est\u00e1n moldeados en una sola pieza y se adaptan a los movimientos del cuerpo del usuario. Junto con la tela de malla transpirable, el dise\u00f1o garantiza un asiento c\u00f3modo durante largos per\u00edodos. Las sillas est\u00e1n en excelentes condiciones.<\/p>\n<p>Atenci\u00f3n: Valor unitario.<\/p>\n<p>Realizamos entregas a nivel mundial. Para env\u00edos fuera de Portugal y Espa\u00f1a, por favor p\u00f3ngase en contacto con nosotros para recibir un presupuesto personalizado.<\/p>\n<p>Para m\u00e1s informaci\u00f3n sobre los precios, cons\u00faltanos por correo electr\u00f3nico info@ikonisch.pt o por tel\u00e9fono +351 913 068 270.<\/p>\n","protected":false},"featured_media":31273,"template":"","meta":{"_acf_changed":false,"inline_featured_image":false},"product_brand":[],"product_cat":[689],"product_tag":[848],"class_list":{"0":"post-30384","1":"product","2":"type-product","3":"status-publish","4":"has-post-thumbnail","6":"product_cat-sillas","7":"product_tag-vitra-es","9":"first","10":"outofstock","11":"shipping-taxable","12":"product-type-simple"},"acf":[],"aioseo_notices":[],"_links":{"self":[{"href":"https:\/\/ikonisch.pt\/es\/wp-json\/wp\/v2\/product\/30384","targetHints":{"allow":["GET"]}}],"collection":[{"href":"https:\/\/ikonisch.pt\/es\/wp-json\/wp\/v2\/product"}],"about":[{"href":"https:\/\/ikonisch.pt\/es\/wp-json\/wp\/v2\/types\/product"}],"wp:featuredmedia":[{"embeddable":true,"href":"https:\/\/ikonisch.pt\/es\/wp-json\/wp\/v2\/media\/31273"}],"wp:attachment":[{"href":"https:\/\/ikonisch.pt\/es\/wp-json\/wp\/v2\/media?parent=30384"}],"wp:term":[{"taxonomy":"product_brand","embeddable":true,"href":"https:\/\/ikonisch.pt\/es\/wp-json\/wp\/v2\/product_brand?post=30384"},{"taxonomy":"product_cat","embeddable":true,"href":"https:\/\/ikonisch.pt\/es\/wp-json\/wp\/v2\/product_cat?post=30384"},{"taxonomy":"product_tag","embeddable":true,"href":"https:\/\/ikonisch.pt\/es\/wp-json\/wp\/v2\/product_tag?post=30384"}],"curies":[{"name":"wp","href":"https:\/\/api.w.org\/{rel}","templated":true}]}}