{"id":30417,"date":"2025-07-02T14:35:35","date_gmt":"2025-07-02T14:35:36","guid":{"rendered":"https:\/\/ikonisch.pt\/?post_type=product&#038;p=30417"},"modified":"2025-07-09T14:31:49","modified_gmt":"2025-07-09T14:31:49","slug":"sillon-fauteuil-de-salon-vitra-copia","status":"publish","type":"product","link":"https:\/\/ikonisch.pt\/es\/produtos\/sillon-fauteuil-de-salon-vitra-copia\/","title":{"rendered":"Silla Visa Lounge de Antonio Citterio"},"content":{"rendered":"","protected":false},"excerpt":{"rendered":"<p>Sillones individuales de Vitra Visalouge, by Antonio Citterio. Estructura en acero tubular cromado, brazos y tapicer\u00eda en piel negra. Este sill\u00f3n est\u00e1 en muy buen estado. La Visa lounge chair es un sill\u00f3n elegante y sencillo, con mucha personalidad. Es extremadamente c\u00f3moda y no se trata de una silla cantilever tradicional, pues ha sido concebida para tener un respaldo y asiento acolchados y muy c\u00f3modos, adapt\u00e1ndose bien a todos los estilos de decoraci\u00f3n y ambientes de trabajo.<\/p>\n<p>Atenci\u00f3n: Valor unitario.<\/p>\n<p>Realizamos entregas a nivel mundial. Para env\u00edos fuera de Portugal y Espa\u00f1a, por favor p\u00f3ngase en contacto con nosotros para recibir un presupuesto personalizado.<\/p>\n<p>Para m\u00e1s informaci\u00f3n sobre los precios, cons\u00faltanos por correo electr\u00f3nico info@ikonisch.pt o por tel\u00e9fono +351 913 068 270.<\/p>\n","protected":false},"featured_media":31779,"template":"","meta":{"_acf_changed":false,"inline_featured_image":false},"product_brand":[],"product_cat":[697],"product_tag":[848],"class_list":{"0":"post-30417","1":"product","2":"type-product","3":"status-publish","4":"has-post-thumbnail","6":"product_cat-sofas-y-sillones","7":"product_tag-vitra-es","9":"first","10":"instock","11":"featured","12":"shipping-taxable","13":"purchasable","14":"product-type-simple"},"acf":[],"aioseo_notices":[],"_links":{"self":[{"href":"https:\/\/ikonisch.pt\/es\/wp-json\/wp\/v2\/product\/30417","targetHints":{"allow":["GET"]}}],"collection":[{"href":"https:\/\/ikonisch.pt\/es\/wp-json\/wp\/v2\/product"}],"about":[{"href":"https:\/\/ikonisch.pt\/es\/wp-json\/wp\/v2\/types\/product"}],"wp:featuredmedia":[{"embeddable":true,"href":"https:\/\/ikonisch.pt\/es\/wp-json\/wp\/v2\/media\/31779"}],"wp:attachment":[{"href":"https:\/\/ikonisch.pt\/es\/wp-json\/wp\/v2\/media?parent=30417"}],"wp:term":[{"taxonomy":"product_brand","embeddable":true,"href":"https:\/\/ikonisch.pt\/es\/wp-json\/wp\/v2\/product_brand?post=30417"},{"taxonomy":"product_cat","embeddable":true,"href":"https:\/\/ikonisch.pt\/es\/wp-json\/wp\/v2\/product_cat?post=30417"},{"taxonomy":"product_tag","embeddable":true,"href":"https:\/\/ikonisch.pt\/es\/wp-json\/wp\/v2\/product_tag?post=30417"}],"curies":[{"name":"wp","href":"https:\/\/api.w.org\/{rel}","templated":true}]}}