{"id":30453,"date":"2025-07-02T15:08:47","date_gmt":"2025-07-02T15:08:48","guid":{"rendered":"https:\/\/ikonisch.pt\/?post_type=product&#038;p=30453"},"modified":"2025-07-09T14:32:07","modified_gmt":"2025-07-09T14:32:07","slug":"sofa-individual-gluon-moroso-copia","status":"publish","type":"product","link":"https:\/\/ikonisch.pt\/es\/produtos\/sofa-individual-gluon-moroso-copia\/","title":{"rendered":"Sill\u00f3n de recepci\u00f3n Lowseat &#8211; Moroso"},"content":{"rendered":"","protected":false},"excerpt":{"rendered":"<p>Sillones \u00abLow Seat\u00bb de la prestigiosa marca italiana Moroso, dise\u00f1ados para ofrecer un confort profundo con un aspecto ligero y contempor\u00e1neo. Con estructura interna en acero y espuma de poliuretano inyectado, se asientan sobre una base tipo trineo en acero inoxidable cepillado. Vers\u00e1tiles y elegantes, funcionan bien como piezas aut\u00f3nomas o integradas en ambientes modulares, tanto residenciales como profesionales.<\/p>\n<p>Atenci\u00f3n: Valor unitario.<\/p>\n<p>Realizamos entregas a nivel mundial. Para env\u00edos fuera de Portugal y Espa\u00f1a, por favor p\u00f3ngase en contacto con nosotros para recibir un presupuesto personalizado.<\/p>\n<p>Para m\u00e1s informaci\u00f3n sobre los precios, cons\u00faltanos por correo electr\u00f3nico info@ikonisch.pt o por tel\u00e9fono +351 913 068 270.<\/p>\n","protected":false},"featured_media":30571,"template":"","meta":{"_acf_changed":false,"inline_featured_image":false},"product_brand":[],"product_cat":[697],"product_tag":[802],"class_list":{"0":"post-30453","1":"product","2":"type-product","3":"status-publish","4":"has-post-thumbnail","6":"product_cat-sofas-y-sillones","7":"product_tag-moroso-es","9":"first","10":"outofstock","11":"shipping-taxable","12":"product-type-simple"},"acf":[],"aioseo_notices":[],"_links":{"self":[{"href":"https:\/\/ikonisch.pt\/es\/wp-json\/wp\/v2\/product\/30453","targetHints":{"allow":["GET"]}}],"collection":[{"href":"https:\/\/ikonisch.pt\/es\/wp-json\/wp\/v2\/product"}],"about":[{"href":"https:\/\/ikonisch.pt\/es\/wp-json\/wp\/v2\/types\/product"}],"wp:featuredmedia":[{"embeddable":true,"href":"https:\/\/ikonisch.pt\/es\/wp-json\/wp\/v2\/media\/30571"}],"wp:attachment":[{"href":"https:\/\/ikonisch.pt\/es\/wp-json\/wp\/v2\/media?parent=30453"}],"wp:term":[{"taxonomy":"product_brand","embeddable":true,"href":"https:\/\/ikonisch.pt\/es\/wp-json\/wp\/v2\/product_brand?post=30453"},{"taxonomy":"product_cat","embeddable":true,"href":"https:\/\/ikonisch.pt\/es\/wp-json\/wp\/v2\/product_cat?post=30453"},{"taxonomy":"product_tag","embeddable":true,"href":"https:\/\/ikonisch.pt\/es\/wp-json\/wp\/v2\/product_tag?post=30453"}],"curies":[{"name":"wp","href":"https:\/\/api.w.org\/{rel}","templated":true}]}}