{"id":30584,"date":"2025-08-04T13:24:18","date_gmt":"2025-08-04T13:24:19","guid":{"rendered":"https:\/\/ikonisch.pt\/?post_type=product&#038;p=30584"},"modified":"2025-08-05T15:47:53","modified_gmt":"2025-08-05T15:47:53","slug":"silla-ejecutiva-aeron-fully-loaded-posturefit-talla-b-copia","status":"publish","type":"product","link":"https:\/\/ikonisch.pt\/es\/produtos\/silla-ejecutiva-aeron-fully-loaded-posturefit-talla-b-copia\/","title":{"rendered":"Silla Silver 262S Executive &#8211; Interstuhl"},"content":{"rendered":"","protected":false},"excerpt":{"rendered":"<p>La Interstuhl Silver 262S es una silla ejecutiva de lujo con respaldo medio y acabado en piel natural en color negro. Dise\u00f1o exclusivo y sofisticado de Hadi Teherani. La apariencia \u00fanica y la construcci\u00f3n de alta calidad hacen que la complejidad t\u00e9cnica sea casi invisible. Esta silla ejecutiva de altura media est\u00e1 cuidadosamente hecha a mano con los mejores materiales, un deleite visual y t\u00e1ctil. La calidad de procesamiento extraordinariamente alta garantiza una experiencia deportiva y firme, combinada con el confort de una silla ejecutiva ergon\u00f3mica. En un sill\u00f3n Interstuhl Silver, tienes la sensaci\u00f3n de estar sentado con firmeza, como en un coche deportivo premium. El mecanismo sincronizado con cierre, con regulaci\u00f3n de peso ajustable individualmente y el \u00e1ngulo de apertura de 116 grados entre el asiento y el respaldo garantizan la ergonom\u00eda en la oficina ejecutiva. Esto permite una postura relajada y c\u00f3moda. Los requisitos de confort y ergonom\u00eda tambi\u00e9n son cumplidos por el muelle de profundidad del asiento en la posici\u00f3n m\u00e1s baja para proteger la columna vertebral.<\/p>\n<p>Realizamos entregas a nivel mundial. Para env\u00edos fuera de Portugal y Espa\u00f1a, por favor p\u00f3ngase en contacto con nosotros para recibir un presupuesto personalizado.<\/p>\n<p>Para m\u00e1s informaci\u00f3n sobre los precios, cons\u00faltanos por correo electr\u00f3nico info@ikonisch.pt o por tel\u00e9fono +351 913 068 270.<\/p>\n","protected":false},"featured_media":31544,"template":"","meta":{"_acf_changed":false,"inline_featured_image":false},"product_brand":[],"product_cat":[691],"product_tag":[769],"class_list":{"0":"post-30584","1":"product","2":"type-product","3":"status-publish","4":"has-post-thumbnail","6":"product_cat-oficina","7":"product_tag-interstuhl-es","9":"first","10":"outofstock","11":"shipping-taxable","12":"purchasable","13":"product-type-simple"},"acf":[],"aioseo_notices":[],"_links":{"self":[{"href":"https:\/\/ikonisch.pt\/es\/wp-json\/wp\/v2\/product\/30584","targetHints":{"allow":["GET"]}}],"collection":[{"href":"https:\/\/ikonisch.pt\/es\/wp-json\/wp\/v2\/product"}],"about":[{"href":"https:\/\/ikonisch.pt\/es\/wp-json\/wp\/v2\/types\/product"}],"wp:featuredmedia":[{"embeddable":true,"href":"https:\/\/ikonisch.pt\/es\/wp-json\/wp\/v2\/media\/31544"}],"wp:attachment":[{"href":"https:\/\/ikonisch.pt\/es\/wp-json\/wp\/v2\/media?parent=30584"}],"wp:term":[{"taxonomy":"product_brand","embeddable":true,"href":"https:\/\/ikonisch.pt\/es\/wp-json\/wp\/v2\/product_brand?post=30584"},{"taxonomy":"product_cat","embeddable":true,"href":"https:\/\/ikonisch.pt\/es\/wp-json\/wp\/v2\/product_cat?post=30584"},{"taxonomy":"product_tag","embeddable":true,"href":"https:\/\/ikonisch.pt\/es\/wp-json\/wp\/v2\/product_tag?post=30584"}],"curies":[{"name":"wp","href":"https:\/\/api.w.org\/{rel}","templated":true}]}}