{"id":30671,"date":"2025-08-04T14:11:48","date_gmt":"2025-08-04T14:11:49","guid":{"rendered":"https:\/\/ikonisch.pt\/?post_type=product&#038;p=30671"},"modified":"2025-08-05T15:54:06","modified_gmt":"2025-08-05T15:54:06","slug":"taburete-about-a-hay-copia","status":"publish","type":"product","link":"https:\/\/ikonisch.pt\/es\/produtos\/taburete-about-a-hay-copia\/","title":{"rendered":"Banco About A AAS 38 &#8211; HAY"},"content":{"rendered":"","protected":false},"excerpt":{"rendered":"<p>El banco alto AAS 38 de HAY se basa en la famosa colecci\u00f3n \u00abAbout A Chair\u00bb del fabricante dan\u00e9s. Con su dise\u00f1o claro y moderno, el banco alto encaja perfectamente en una cocina moderna, en el mostrador o en la mesa de la barra.<br \/>\nLas sillas de HAY Chairs presentan una simplicidad de dise\u00f1o impresionante. Con ellas, la dise\u00f1adora Hee Welling ha alcanzado un nuevo nivel en la combinaci\u00f3n de forma, funci\u00f3n, confort, detalles y est\u00e9tica.<\/p>\n<p>Atenci\u00f3n: Valor unitario.<\/p>\n<p>Realizamos entregas a nivel mundial. Para env\u00edos fuera de Portugal y Espa\u00f1a, por favor p\u00f3ngase en contacto con nosotros para recibir un presupuesto personalizado.<\/p>\n<p>Para m\u00e1s informaci\u00f3n sobre los precios, cons\u00faltanos por correo electr\u00f3nico info@ikonisch.pt o por tel\u00e9fono +351 913 068 270.<\/p>\n","protected":false},"featured_media":31760,"template":"","meta":{"_acf_changed":false,"inline_featured_image":false},"product_brand":[],"product_cat":[688],"product_tag":[760],"class_list":{"0":"post-30671","1":"product","2":"type-product","3":"status-publish","4":"has-post-thumbnail","6":"product_cat-bancos-y-pufs","7":"product_tag-hay-es","9":"first","10":"outofstock","11":"shipping-taxable","12":"purchasable","13":"product-type-simple"},"acf":[],"aioseo_notices":[],"_links":{"self":[{"href":"https:\/\/ikonisch.pt\/es\/wp-json\/wp\/v2\/product\/30671","targetHints":{"allow":["GET"]}}],"collection":[{"href":"https:\/\/ikonisch.pt\/es\/wp-json\/wp\/v2\/product"}],"about":[{"href":"https:\/\/ikonisch.pt\/es\/wp-json\/wp\/v2\/types\/product"}],"wp:featuredmedia":[{"embeddable":true,"href":"https:\/\/ikonisch.pt\/es\/wp-json\/wp\/v2\/media\/31760"}],"wp:attachment":[{"href":"https:\/\/ikonisch.pt\/es\/wp-json\/wp\/v2\/media?parent=30671"}],"wp:term":[{"taxonomy":"product_brand","embeddable":true,"href":"https:\/\/ikonisch.pt\/es\/wp-json\/wp\/v2\/product_brand?post=30671"},{"taxonomy":"product_cat","embeddable":true,"href":"https:\/\/ikonisch.pt\/es\/wp-json\/wp\/v2\/product_cat?post=30671"},{"taxonomy":"product_tag","embeddable":true,"href":"https:\/\/ikonisch.pt\/es\/wp-json\/wp\/v2\/product_tag?post=30671"}],"curies":[{"name":"wp","href":"https:\/\/api.w.org\/{rel}","templated":true}]}}