{"id":30770,"date":"2025-08-04T14:50:04","date_gmt":"2025-08-04T14:50:05","guid":{"rendered":"https:\/\/ikonisch.pt\/?post_type=product&#038;p=30770"},"modified":"2025-08-05T16:01:14","modified_gmt":"2025-08-05T16:01:14","slug":"taburete-about-a-hay-copia-copia-2","status":"publish","type":"product","link":"https:\/\/ikonisch.pt\/es\/produtos\/taburete-about-a-hay-copia-copia-2\/","title":{"rendered":"Mesa blanca SLIT de HAY"},"content":{"rendered":"","protected":false},"excerpt":{"rendered":"<p>La mesa de apoyo lateral modelo Slit de HAY presenta un dise\u00f1o geom\u00e9trico, inspirado en las t\u00e9cnicas de plegado del origami. La fina estructura met\u00e1lica parece doblada bajo el tablero, creando una forma simple pero intrigante inspirada en el arte tradicional japon\u00e9s sobre papel. Disponible en color blanco estas mesas son hermosas por s\u00ed mismas, pero tambi\u00e9n se puede combinar. Compactas y vers\u00e1tiles, se adaptan a diversos ambientes, tanto en casa como en espacios p\u00fablicos.<\/p>\n<p>Realizamos entregas a nivel mundial. Para env\u00edos fuera de Portugal y Espa\u00f1a, por favor p\u00f3ngase en contacto con nosotros para recibir un presupuesto personalizado.<\/p>\n<p>Para m\u00e1s informaci\u00f3n sobre los precios, cons\u00faltanos por correo electr\u00f3nico info@ikonisch.pt o por tel\u00e9fono +351 913 068 270.<\/p>\n","protected":false},"featured_media":30773,"template":"","meta":{"_acf_changed":false,"inline_featured_image":false},"product_brand":[],"product_cat":[694],"product_tag":[760],"class_list":{"0":"post-30770","1":"product","2":"type-product","3":"status-publish","4":"has-post-thumbnail","6":"product_cat-mesas-es","7":"product_tag-hay-es","9":"first","10":"outofstock","11":"shipping-taxable","12":"purchasable","13":"product-type-simple"},"acf":[],"aioseo_notices":[],"_links":{"self":[{"href":"https:\/\/ikonisch.pt\/es\/wp-json\/wp\/v2\/product\/30770","targetHints":{"allow":["GET"]}}],"collection":[{"href":"https:\/\/ikonisch.pt\/es\/wp-json\/wp\/v2\/product"}],"about":[{"href":"https:\/\/ikonisch.pt\/es\/wp-json\/wp\/v2\/types\/product"}],"wp:featuredmedia":[{"embeddable":true,"href":"https:\/\/ikonisch.pt\/es\/wp-json\/wp\/v2\/media\/30773"}],"wp:attachment":[{"href":"https:\/\/ikonisch.pt\/es\/wp-json\/wp\/v2\/media?parent=30770"}],"wp:term":[{"taxonomy":"product_brand","embeddable":true,"href":"https:\/\/ikonisch.pt\/es\/wp-json\/wp\/v2\/product_brand?post=30770"},{"taxonomy":"product_cat","embeddable":true,"href":"https:\/\/ikonisch.pt\/es\/wp-json\/wp\/v2\/product_cat?post=30770"},{"taxonomy":"product_tag","embeddable":true,"href":"https:\/\/ikonisch.pt\/es\/wp-json\/wp\/v2\/product_tag?post=30770"}],"curies":[{"name":"wp","href":"https:\/\/api.w.org\/{rel}","templated":true}]}}